

{"id":1237,"date":"2024-10-23T06:55:39","date_gmt":"2024-10-23T06:55:39","guid":{"rendered":"https:\/\/explorelogicsit.net\/malerfirm\/?page_id=1237"},"modified":"2024-10-28T07:35:19","modified_gmt":"2024-10-28T07:35:19","slug":"om-bka","status":"publish","type":"page","link":"https:\/\/explorelogicsit.net\/malerfirm\/om-bka\/","title":{"rendered":"OM BKA"},"content":{"rendered":"\t\t<div data-elementor-type=\"wp-page\" data-elementor-id=\"1237\" class=\"elementor elementor-1237\" data-elementor-post-type=\"page\">\n\t\t\t\t<div class=\"elementor-element elementor-element-19c840f e-flex e-con-boxed e-con e-parent\" data-id=\"19c840f\" data-element_type=\"container\">\n\t\t\t\t\t<div class=\"e-con-inner\">\n\t\t\t\t<div class=\"elementor-element elementor-element-230b4db elementor-widget elementor-widget-heading\" data-id=\"230b4db\" data-element_type=\"widget\" data-widget_type=\"heading.default\">\n\t\t\t\t<div class=\"elementor-widget-container\">\n\t\t\t<h2 class=\"elementor-heading-title elementor-size-default\">OM BKA<\/h2>\t\t<\/div>\n\t\t\t\t<\/div>\n\t\t\t\t<div class=\"elementor-element elementor-element-b51a12a elementor-widget elementor-widget-heading\" data-id=\"b51a12a\" data-element_type=\"widget\" data-widget_type=\"heading.default\">\n\t\t\t\t<div class=\"elementor-widget-container\">\n\t\t\t<h2 class=\"elementor-heading-title elementor-size-default\">Bliv Klogere P\u00e5 Os<\/h2>\t\t<\/div>\n\t\t\t\t<\/div>\n\t\t\t\t\t<\/div>\n\t\t\t\t<\/div>\n\t\t<div class=\"elementor-element elementor-element-c2c3200 e-flex e-con-boxed e-con e-parent\" data-id=\"c2c3200\" data-element_type=\"container\">\n\t\t\t\t\t<div class=\"e-con-inner\">\n\t\t<div class=\"elementor-element elementor-element-d31c99f e-con-full e-flex e-con e-child\" data-id=\"d31c99f\" data-element_type=\"container\">\n\t\t\t\t<div class=\"elementor-element elementor-element-956a107 elementor-widget elementor-widget-image\" data-id=\"956a107\" data-element_type=\"widget\" data-widget_type=\"image.default\">\n\t\t\t\t<div class=\"elementor-widget-container\">\n\t\t\t\t\t\t\t\t\t\t\t\t\t<img fetchpriority=\"high\" decoding=\"async\" width=\"700\" height=\"780\" src=\"https:\/\/explorelogicsit.net\/malerfirm\/wp-content\/uploads\/2024\/10\/image-700x780-1.png\" class=\"attachment-full size-full wp-image-1302\" alt=\"\" srcset=\"https:\/\/explorelogicsit.net\/malerfirm\/wp-content\/uploads\/2024\/10\/image-700x780-1.png 700w, https:\/\/explorelogicsit.net\/malerfirm\/wp-content\/uploads\/2024\/10\/image-700x780-1-269x300.png 269w\" sizes=\"(max-width: 700px) 100vw, 700px\" \/>\t\t\t\t\t\t\t\t\t\t\t\t\t<\/div>\n\t\t\t\t<\/div>\n\t\t\t\t<\/div>\n\t\t<div class=\"elementor-element elementor-element-6308be4 e-con-full e-flex e-con e-child\" data-id=\"6308be4\" data-element_type=\"container\">\n\t\t<div class=\"elementor-element elementor-element-77d7a6c e-con-full equal-height-col e-flex e-con e-child\" data-id=\"77d7a6c\" data-element_type=\"container\" data-settings=\"{&quot;background_background&quot;:&quot;classic&quot;}\">\n\t\t\t\t<div class=\"elementor-element elementor-element-6798c6e elementor-hidden-desktop elementor-hidden-tablet elementor-hidden-mobile elementor-widget elementor-widget-heading\" data-id=\"6798c6e\" data-element_type=\"widget\" data-widget_type=\"heading.default\">\n\t\t\t\t<div class=\"elementor-widget-container\">\n\t\t\t<h2 class=\"elementor-heading-title elementor-size-default\">Bliv Klogere P\u00e5 Os<\/h2>\t\t<\/div>\n\t\t\t\t<\/div>\n\t\t\t\t<div class=\"elementor-element elementor-element-d8ff7a4 elementor-widget elementor-widget-text-editor\" data-id=\"d8ff7a4\" data-element_type=\"widget\" data-widget_type=\"text-editor.default\">\n\t\t\t\t<div class=\"elementor-widget-container\">\n\t\t\t\t\t\t\t<p>Malerfirmaet BKA er et <em><strong>malerfirma i K\u00f8benhavn<\/strong><\/em>, med over 10 \u00e5rs erfaring.<\/p><p>Hos Malerfirmaet BKA laver vi alle former for malerarbejde bla; renovering, spartel, maling af lejligheder.<\/p><p>Vi k\u00f8re i hele K\u00f8benhavn, Stork\u00f8benhavn og hele Sj\u00e6lland\u200bHos os er intet malerjob for besv\u00e6rligt.<\/p>\t\t\t\t\t\t<\/div>\n\t\t\t\t<\/div>\n\t\t\t\t<div class=\"elementor-element elementor-element-a7257bc elementor-position-left elementor-vertical-align-middle icon_list_anchor elementor-mobile-position-left elementor-view-default elementor-widget elementor-widget-icon-box\" data-id=\"a7257bc\" data-element_type=\"widget\" data-widget_type=\"icon-box.default\">\n\t\t\t\t<div class=\"elementor-widget-container\">\n\t\t\t\t\t<div class=\"elementor-icon-box-wrapper\">\n\n\t\t\t\t\t\t<div class=\"elementor-icon-box-icon\">\n\t\t\t\t<span  class=\"elementor-icon elementor-animation-\">\n\t\t\t\t<i aria-hidden=\"true\" class=\"far fa-check-circle\"><\/i>\t\t\t\t<\/span>\n\t\t\t<\/div>\n\t\t\t\n\t\t\t\t\t\t<div class=\"elementor-icon-box-content\">\n\n\t\t\t\t\n\t\t\t\t\t\t\t\t\t<p class=\"elementor-icon-box-description\">\n\t\t\t\t\t\tUdf\u00f8rer alt malerarbejde\t\t\t\t\t<\/p>\n\t\t\t\t\n\t\t\t<\/div>\n\t\t\t\n\t\t<\/div>\n\t\t\t\t<\/div>\n\t\t\t\t<\/div>\n\t\t\t\t<div class=\"elementor-element elementor-element-84075f0 elementor-position-left elementor-vertical-align-middle icon_list_anchor elementor-mobile-position-left elementor-view-default elementor-widget elementor-widget-icon-box\" data-id=\"84075f0\" data-element_type=\"widget\" data-widget_type=\"icon-box.default\">\n\t\t\t\t<div class=\"elementor-widget-container\">\n\t\t\t\t\t<div class=\"elementor-icon-box-wrapper\">\n\n\t\t\t\t\t\t<div class=\"elementor-icon-box-icon\">\n\t\t\t\t<span  class=\"elementor-icon elementor-animation-\">\n\t\t\t\t<i aria-hidden=\"true\" class=\"far fa-check-circle\"><\/i>\t\t\t\t<\/span>\n\t\t\t<\/div>\n\t\t\t\n\t\t\t\t\t\t<div class=\"elementor-icon-box-content\">\n\n\t\t\t\t\n\t\t\t\t\t\t\t\t\t<p class=\"elementor-icon-box-description\">\n\t\t\t\t\t\tServiceminded\t\t\t\t\t<\/p>\n\t\t\t\t\n\t\t\t<\/div>\n\t\t\t\n\t\t<\/div>\n\t\t\t\t<\/div>\n\t\t\t\t<\/div>\n\t\t\t\t<div class=\"elementor-element elementor-element-50a0598 elementor-position-left elementor-vertical-align-middle icon_list_anchor elementor-mobile-position-left elementor-view-default elementor-widget elementor-widget-icon-box\" data-id=\"50a0598\" data-element_type=\"widget\" data-widget_type=\"icon-box.default\">\n\t\t\t\t<div class=\"elementor-widget-container\">\n\t\t\t\t\t<div class=\"elementor-icon-box-wrapper\">\n\n\t\t\t\t\t\t<div class=\"elementor-icon-box-icon\">\n\t\t\t\t<span  class=\"elementor-icon elementor-animation-\">\n\t\t\t\t<i aria-hidden=\"true\" class=\"far fa-check-circle\"><\/i>\t\t\t\t<\/span>\n\t\t\t<\/div>\n\t\t\t\n\t\t\t\t\t\t<div class=\"elementor-icon-box-content\">\n\n\t\t\t\t\n\t\t\t\t\t\t\t\t\t<p class=\"elementor-icon-box-description\">\n\t\t\t\t\t\tKvalitet\t\t\t\t\t<\/p>\n\t\t\t\t\n\t\t\t<\/div>\n\t\t\t\n\t\t<\/div>\n\t\t\t\t<\/div>\n\t\t\t\t<\/div>\n\t\t\t\t<div class=\"elementor-element elementor-element-1f289c8 elementor-hidden-desktop elementor-hidden-tablet elementor-hidden-mobile elementor-widget elementor-widget-button\" data-id=\"1f289c8\" data-element_type=\"widget\" data-widget_type=\"button.default\">\n\t\t\t\t<div class=\"elementor-widget-container\">\n\t\t\t\t\t<div class=\"elementor-button-wrapper\">\n\t\t\t<a class=\"elementor-button elementor-button-link elementor-size-sm elementor-animation-shrink\" href=\"#\">\n\t\t\t\t\t\t<span class=\"elementor-button-content-wrapper\">\n\t\t\t\t\t\t\t\t\t<span class=\"elementor-button-text\">Kontakt Os Straks <\/span>\n\t\t\t\t\t<\/span>\n\t\t\t\t\t<\/a>\n\t\t<\/div>\n\t\t\t\t<\/div>\n\t\t\t\t<\/div>\n\t\t\t\t<\/div>\n\t\t\t\t<\/div>\n\t\t\t\t\t<\/div>\n\t\t\t\t<\/div>\n\t\t<div class=\"elementor-element elementor-element-3ddbf4e e-flex e-con-boxed e-con e-parent\" data-id=\"3ddbf4e\" data-element_type=\"container\">\n\t\t\t\t\t<div class=\"e-con-inner\">\n\t\t<div class=\"elementor-element elementor-element-96a005e e-con-full e-flex e-con e-child\" data-id=\"96a005e\" data-element_type=\"container\">\n\t\t\t\t<div class=\"elementor-element elementor-element-aa9b6a6 elementor-widget elementor-widget-heading\" data-id=\"aa9b6a6\" data-element_type=\"widget\" data-widget_type=\"heading.default\">\n\t\t\t\t<div class=\"elementor-widget-container\">\n\t\t\t<h2 class=\"elementor-heading-title elementor-size-default\">\nEkspert malerservice p\u00e5 Amager og K\u00f8benhavn\n<\/h2>\t\t<\/div>\n\t\t\t\t<\/div>\n\t\t\t\t<div class=\"elementor-element elementor-element-27fee3a elementor-widget elementor-widget-text-editor\" data-id=\"27fee3a\" data-element_type=\"widget\" data-widget_type=\"text-editor.default\">\n\t\t\t\t<div class=\"elementor-widget-container\">\n\t\t\t\t\t\t\t<p>Velkommen til Malerfirmaet BKA, det bedste malerfirma p\u00e5 Amager og i K\u00f8benhavn. Vores<strong> malermester k\u00f8benhavn <\/strong>kan f\u00e5 dit hjem eller din virksomhed til at se ud, som du \u00f8nsker det. Vi br\u00e6nder for at dine omgivelser skal se p\u00e6ne ud. Vi arbejder h\u00e5rdt p\u00e5 at give dig en service, der holder. Vores fagl\u00e6rte malere bruger de nyeste v\u00e6rkt\u00f8jer og metoder for at sikre, at arbejdet udf\u00f8res perfekt. V\u00e6lg os som dit Malerfirma i K\u00f8benhavn fordi vi er gode til det vi laver og er opm\u00e6rksomme p\u00e5 de sm\u00e5 ting. Med hver touch-up eller \u00e6ndring fors\u00f8ger vi at g\u00e5 ud over, hvad du forventer. Tjek Malerfirmaet BKA ud, hvis du vil have malet. Sammen skaber vi p\u00e6ne omgivelser<\/p>\t\t\t\t\t\t<\/div>\n\t\t\t\t<\/div>\n\t\t\t\t<\/div>\n\t\t\t\t\t<\/div>\n\t\t\t\t<\/div>\n\t\t<div class=\"elementor-element elementor-element-8ba4c53 e-grid e-con-boxed e-con e-parent\" data-id=\"8ba4c53\" data-element_type=\"container\">\n\t\t\t\t\t<div class=\"e-con-inner\">\n\t\t<div class=\"elementor-element elementor-element-83ae20f e-con-full service_main_cls e-flex e-con e-child\" data-id=\"83ae20f\" data-element_type=\"container\">\n\t\t\t\t<div class=\"elementor-element elementor-element-f55707f elementor-widget elementor-widget-image\" data-id=\"f55707f\" data-element_type=\"widget\" data-widget_type=\"image.default\">\n\t\t\t\t<div class=\"elementor-widget-container\">\n\t\t\t\t\t\t\t\t\t\t\t\t\t<img decoding=\"async\" width=\"330\" height=\"230\" src=\"https:\/\/explorelogicsit.net\/malerfirm\/wp-content\/uploads\/2024\/10\/sassqe.jpg\" class=\"attachment-full size-full wp-image-1545\" alt=\"\" srcset=\"https:\/\/explorelogicsit.net\/malerfirm\/wp-content\/uploads\/2024\/10\/sassqe.jpg 330w, https:\/\/explorelogicsit.net\/malerfirm\/wp-content\/uploads\/2024\/10\/sassqe-300x209.jpg 300w\" sizes=\"(max-width: 330px) 100vw, 330px\" \/>\t\t\t\t\t\t\t\t\t\t\t\t\t<\/div>\n\t\t\t\t<\/div>\n\t\t<div class=\"elementor-element elementor-element-44b20e6 e-con-full services-content   my-padding e-flex e-con e-child\" data-id=\"44b20e6\" data-element_type=\"container\" data-settings=\"{&quot;background_background&quot;:&quot;classic&quot;}\">\n\t\t\t\t<div class=\"elementor-element elementor-element-45f3bbe elementor-widget elementor-widget-heading\" data-id=\"45f3bbe\" data-element_type=\"widget\" data-widget_type=\"heading.default\">\n\t\t\t\t<div class=\"elementor-widget-container\">\n\t\t\t<h2 class=\"elementor-heading-title elementor-size-default\">UDF\u00d8RER ALT MALERARBEJDE<\/h2>\t\t<\/div>\n\t\t\t\t<\/div>\n\t\t\t\t<div class=\"elementor-element elementor-element-db3cf5b elementor-widget__width-initial elementor-widget elementor-widget-text-editor\" data-id=\"db3cf5b\" data-element_type=\"widget\" data-widget_type=\"text-editor.default\">\n\t\t\t\t<div class=\"elementor-widget-container\">\n\t\t\t\t\t\t\t<p>Hos Malerfirmaet BKA udf\u00f8rer vi alle former for malerarbejde, s\u00e5 vi opn\u00e5r fuld tilfredshed hos vores kunder.<\/p>\t\t\t\t\t\t<\/div>\n\t\t\t\t<\/div>\n\t\t\t\t<div class=\"elementor-element elementor-element-fe60b6c elementor-hidden-desktop elementor-hidden-tablet elementor-hidden-mobile elementor-widget elementor-widget-button\" data-id=\"fe60b6c\" data-element_type=\"widget\" data-widget_type=\"button.default\">\n\t\t\t\t<div class=\"elementor-widget-container\">\n\t\t\t\t\t<div class=\"elementor-button-wrapper\">\n\t\t\t<a class=\"elementor-button elementor-button-link elementor-size-sm elementor-animation-shrink\" href=\"#\">\n\t\t\t\t\t\t<span class=\"elementor-button-content-wrapper\">\n\t\t\t\t\t\t<span class=\"elementor-button-icon\">\n\t\t\t\t<svg aria-hidden=\"true\" class=\"e-font-icon-svg e-fas-angle-right\" viewBox=\"0 0 256 512\" xmlns=\"http:\/\/www.w3.org\/2000\/svg\"><path d=\"M224.3 273l-136 136c-9.4 9.4-24.6 9.4-33.9 0l-22.6-22.6c-9.4-9.4-9.4-24.6 0-33.9l96.4-96.4-96.4-96.4c-9.4-9.4-9.4-24.6 0-33.9L54.3 103c9.4-9.4 24.6-9.4 33.9 0l136 136c9.5 9.4 9.5 24.6.1 34z\"><\/path><\/svg>\t\t\t<\/span>\n\t\t\t\t\t\t\t\t\t<span class=\"elementor-button-text\">l\u00e6s mere<\/span>\n\t\t\t\t\t<\/span>\n\t\t\t\t\t<\/a>\n\t\t<\/div>\n\t\t\t\t<\/div>\n\t\t\t\t<\/div>\n\t\t\t\t<\/div>\n\t\t\t\t<\/div>\n\t\t<div class=\"elementor-element elementor-element-9b75497 e-con-full service_main_cls e-flex e-con e-child\" data-id=\"9b75497\" data-element_type=\"container\">\n\t\t\t\t<div class=\"elementor-element elementor-element-f6db4f2 elementor-widget elementor-widget-image\" data-id=\"f6db4f2\" data-element_type=\"widget\" data-widget_type=\"image.default\">\n\t\t\t\t<div class=\"elementor-widget-container\">\n\t\t\t\t\t\t\t\t\t\t\t\t\t<img decoding=\"async\" width=\"330\" height=\"230\" src=\"https:\/\/explorelogicsit.net\/malerfirm\/wp-content\/uploads\/2024\/10\/image-330x230-1.png\" class=\"attachment-full size-full wp-image-2530\" alt=\"\" srcset=\"https:\/\/explorelogicsit.net\/malerfirm\/wp-content\/uploads\/2024\/10\/image-330x230-1.png 330w, https:\/\/explorelogicsit.net\/malerfirm\/wp-content\/uploads\/2024\/10\/image-330x230-1-300x209.png 300w\" sizes=\"(max-width: 330px) 100vw, 330px\" \/>\t\t\t\t\t\t\t\t\t\t\t\t\t<\/div>\n\t\t\t\t<\/div>\n\t\t<div class=\"elementor-element elementor-element-bc26afa e-con-full services-content my-padding e-flex e-con e-child\" data-id=\"bc26afa\" data-element_type=\"container\" data-settings=\"{&quot;background_background&quot;:&quot;classic&quot;}\">\n\t\t\t\t<div class=\"elementor-element elementor-element-64fdb85 elementor-widget elementor-widget-heading\" data-id=\"64fdb85\" data-element_type=\"widget\" data-widget_type=\"heading.default\">\n\t\t\t\t<div class=\"elementor-widget-container\">\n\t\t\t<h2 class=\"elementor-heading-title elementor-size-default\">SERVICEMINDED<\/h2>\t\t<\/div>\n\t\t\t\t<\/div>\n\t\t\t\t<div class=\"elementor-element elementor-element-a7348cf elementor-widget__width-initial elementor-widget elementor-widget-text-editor\" data-id=\"a7348cf\" data-element_type=\"widget\" data-widget_type=\"text-editor.default\">\n\t\t\t\t<div class=\"elementor-widget-container\">\n\t\t\t\t\t\t\t<p>Vores medarbejdere s\u00e6tter service i f\u00f8rste r\u00e6kke. P\u00e5 denne m\u00e5de afleverer vi altid et f\u00e6rdigt produkt, som vi er stolte af.<\/p>\t\t\t\t\t\t<\/div>\n\t\t\t\t<\/div>\n\t\t\t\t<div class=\"elementor-element elementor-element-12ed55a elementor-hidden-desktop elementor-hidden-tablet elementor-hidden-mobile elementor-widget elementor-widget-button\" data-id=\"12ed55a\" data-element_type=\"widget\" data-widget_type=\"button.default\">\n\t\t\t\t<div class=\"elementor-widget-container\">\n\t\t\t\t\t<div class=\"elementor-button-wrapper\">\n\t\t\t<a class=\"elementor-button elementor-button-link elementor-size-sm elementor-animation-shrink\" href=\"#\">\n\t\t\t\t\t\t<span class=\"elementor-button-content-wrapper\">\n\t\t\t\t\t\t<span class=\"elementor-button-icon\">\n\t\t\t\t<svg aria-hidden=\"true\" class=\"e-font-icon-svg e-fas-angle-right\" viewBox=\"0 0 256 512\" xmlns=\"http:\/\/www.w3.org\/2000\/svg\"><path d=\"M224.3 273l-136 136c-9.4 9.4-24.6 9.4-33.9 0l-22.6-22.6c-9.4-9.4-9.4-24.6 0-33.9l96.4-96.4-96.4-96.4c-9.4-9.4-9.4-24.6 0-33.9L54.3 103c9.4-9.4 24.6-9.4 33.9 0l136 136c9.5 9.4 9.5 24.6.1 34z\"><\/path><\/svg>\t\t\t<\/span>\n\t\t\t\t\t\t\t\t\t<span class=\"elementor-button-text\">l\u00e6s mere<\/span>\n\t\t\t\t\t<\/span>\n\t\t\t\t\t<\/a>\n\t\t<\/div>\n\t\t\t\t<\/div>\n\t\t\t\t<\/div>\n\t\t\t\t<\/div>\n\t\t\t\t<\/div>\n\t\t<div class=\"elementor-element elementor-element-54f9b3c e-con-full service_main_cls e-flex e-con e-child\" data-id=\"54f9b3c\" data-element_type=\"container\">\n\t\t\t\t<div class=\"elementor-element elementor-element-72a21c6 elementor-widget elementor-widget-image\" data-id=\"72a21c6\" data-element_type=\"widget\" data-widget_type=\"image.default\">\n\t\t\t\t<div class=\"elementor-widget-container\">\n\t\t\t\t\t\t\t\t\t\t\t\t\t<img loading=\"lazy\" decoding=\"async\" width=\"330\" height=\"230\" src=\"https:\/\/explorelogicsit.net\/malerfirm\/wp-content\/uploads\/2024\/10\/sdfffewf.jpg\" class=\"attachment-full size-full wp-image-1548\" alt=\"\" srcset=\"https:\/\/explorelogicsit.net\/malerfirm\/wp-content\/uploads\/2024\/10\/sdfffewf.jpg 330w, https:\/\/explorelogicsit.net\/malerfirm\/wp-content\/uploads\/2024\/10\/sdfffewf-300x209.jpg 300w\" sizes=\"(max-width: 330px) 100vw, 330px\" \/>\t\t\t\t\t\t\t\t\t\t\t\t\t<\/div>\n\t\t\t\t<\/div>\n\t\t<div class=\"elementor-element elementor-element-5649f0e e-con-full services-content  my-padding e-flex e-con e-child\" data-id=\"5649f0e\" data-element_type=\"container\" data-settings=\"{&quot;background_background&quot;:&quot;classic&quot;}\">\n\t\t\t\t<div class=\"elementor-element elementor-element-ccdcafd elementor-widget elementor-widget-heading\" data-id=\"ccdcafd\" data-element_type=\"widget\" data-widget_type=\"heading.default\">\n\t\t\t\t<div class=\"elementor-widget-container\">\n\t\t\t<h2 class=\"elementor-heading-title elementor-size-default\">KVALITET<\/h2>\t\t<\/div>\n\t\t\t\t<\/div>\n\t\t\t\t<div class=\"elementor-element elementor-element-dc75c88 elementor-widget__width-initial elementor-widget elementor-widget-text-editor\" data-id=\"dc75c88\" data-element_type=\"widget\" data-widget_type=\"text-editor.default\">\n\t\t\t\t<div class=\"elementor-widget-container\">\n\t\t\t\t\t\t\t<p>Vores arbejde kan vores kunder forvente er i aller h\u00f8jeste kvalitet. Kundernes tilfredshed er en m\u00e6rkesag hos Malerfirmaet BKA.<\/p>\t\t\t\t\t\t<\/div>\n\t\t\t\t<\/div>\n\t\t\t\t<div class=\"elementor-element elementor-element-3977525 elementor-hidden-desktop elementor-hidden-tablet elementor-hidden-mobile elementor-widget elementor-widget-button\" data-id=\"3977525\" data-element_type=\"widget\" data-widget_type=\"button.default\">\n\t\t\t\t<div class=\"elementor-widget-container\">\n\t\t\t\t\t<div class=\"elementor-button-wrapper\">\n\t\t\t<a class=\"elementor-button elementor-button-link elementor-size-sm elementor-animation-shrink\" href=\"#\">\n\t\t\t\t\t\t<span class=\"elementor-button-content-wrapper\">\n\t\t\t\t\t\t<span class=\"elementor-button-icon\">\n\t\t\t\t<svg aria-hidden=\"true\" class=\"e-font-icon-svg e-fas-angle-right\" viewBox=\"0 0 256 512\" xmlns=\"http:\/\/www.w3.org\/2000\/svg\"><path d=\"M224.3 273l-136 136c-9.4 9.4-24.6 9.4-33.9 0l-22.6-22.6c-9.4-9.4-9.4-24.6 0-33.9l96.4-96.4-96.4-96.4c-9.4-9.4-9.4-24.6 0-33.9L54.3 103c9.4-9.4 24.6-9.4 33.9 0l136 136c9.5 9.4 9.5 24.6.1 34z\"><\/path><\/svg>\t\t\t<\/span>\n\t\t\t\t\t\t\t\t\t<span class=\"elementor-button-text\">l\u00e6s mere<\/span>\n\t\t\t\t\t<\/span>\n\t\t\t\t\t<\/a>\n\t\t<\/div>\n\t\t\t\t<\/div>\n\t\t\t\t<\/div>\n\t\t\t\t<\/div>\n\t\t\t\t<\/div>\n\t\t\t\t\t<\/div>\n\t\t\t\t<\/div>\n\t\t\t\t<\/div>\n\t\t","protected":false},"excerpt":{"rendered":"<p>OM BKA Bliv Klogere P\u00e5 Os Bliv Klogere P\u00e5 Os Malerfirmaet BKA er et malerfirma i K\u00f8benhavn, med over 10 \u00e5rs erfaring. Hos Malerfirmaet BKA laver vi alle former for malerarbejde bla; renovering, spartel, maling af lejligheder. Vi k\u00f8re i hele K\u00f8benhavn, Stork\u00f8benhavn og hele Sj\u00e6lland\u200bHos os er intet malerjob for besv\u00e6rligt. Udf\u00f8rer alt malerarbejde [&hellip;]<\/p>\n","protected":false},"author":1,"featured_media":0,"parent":0,"menu_order":0,"comment_status":"closed","ping_status":"closed","template":"","meta":{"footnotes":""},"class_list":["post-1237","page","type-page","status-publish","hentry"],"_links":{"self":[{"href":"https:\/\/explorelogicsit.net\/malerfirm\/wp-json\/wp\/v2\/pages\/1237"}],"collection":[{"href":"https:\/\/explorelogicsit.net\/malerfirm\/wp-json\/wp\/v2\/pages"}],"about":[{"href":"https:\/\/explorelogicsit.net\/malerfirm\/wp-json\/wp\/v2\/types\/page"}],"author":[{"embeddable":true,"href":"https:\/\/explorelogicsit.net\/malerfirm\/wp-json\/wp\/v2\/users\/1"}],"replies":[{"embeddable":true,"href":"https:\/\/explorelogicsit.net\/malerfirm\/wp-json\/wp\/v2\/comments?post=1237"}],"version-history":[{"count":172,"href":"https:\/\/explorelogicsit.net\/malerfirm\/wp-json\/wp\/v2\/pages\/1237\/revisions"}],"predecessor-version":[{"id":2542,"href":"https:\/\/explorelogicsit.net\/malerfirm\/wp-json\/wp\/v2\/pages\/1237\/revisions\/2542"}],"wp:attachment":[{"href":"https:\/\/explorelogicsit.net\/malerfirm\/wp-json\/wp\/v2\/media?parent=1237"}],"curies":[{"name":"wp","href":"https:\/\/api.w.org\/{rel}","templated":true}]}}