

{"id":13,"date":"2024-10-21T07:40:22","date_gmt":"2024-10-21T07:40:22","guid":{"rendered":"https:\/\/explorelogicsit.net\/malerfirm\/?page_id=13"},"modified":"2024-10-29T13:16:07","modified_gmt":"2024-10-29T13:16:07","slug":"tjenester","status":"publish","type":"page","link":"https:\/\/explorelogicsit.net\/malerfirm\/tjenester\/","title":{"rendered":"Tjenester"},"content":{"rendered":"\t\t<div data-elementor-type=\"wp-page\" data-elementor-id=\"13\" class=\"elementor elementor-13\" data-elementor-post-type=\"page\">\n\t\t\t\t<div class=\"elementor-element elementor-element-dd178eb e-flex e-con-boxed e-con e-parent\" data-id=\"dd178eb\" data-element_type=\"container\">\n\t\t\t\t\t<div class=\"e-con-inner\">\n\t\t\t\t<div class=\"elementor-element elementor-element-a4d33dd elementor-widget elementor-widget-heading\" data-id=\"a4d33dd\" data-element_type=\"widget\" data-widget_type=\"heading.default\">\n\t\t\t\t<div class=\"elementor-widget-container\">\n\t\t\t<h2 class=\"elementor-heading-title elementor-size-default\">Tjenester<\/h2>\t\t<\/div>\n\t\t\t\t<\/div>\n\t\t\t\t\t<\/div>\n\t\t\t\t<\/div>\n\t\t<div class=\"elementor-element elementor-element-797fab8 e-grid e-con-boxed e-con e-parent\" data-id=\"797fab8\" data-element_type=\"container\">\n\t\t\t\t\t<div class=\"e-con-inner\">\n\t\t<div class=\"elementor-element elementor-element-e5b57f9 e-con-full service_main_cls e-flex e-con e-child\" data-id=\"e5b57f9\" data-element_type=\"container\">\n\t\t\t\t<div class=\"elementor-element elementor-element-52a2966 elementor-widget elementor-widget-image\" data-id=\"52a2966\" data-element_type=\"widget\" data-widget_type=\"image.default\">\n\t\t\t\t<div class=\"elementor-widget-container\">\n\t\t\t\t\t\t\t\t\t\t\t\t\t<img fetchpriority=\"high\" decoding=\"async\" width=\"1440\" height=\"1800\" src=\"https:\/\/explorelogicsit.net\/malerfirm\/wp-content\/uploads\/2024\/10\/Picture-11-2.jpeg\" class=\"attachment-full size-full wp-image-2437\" alt=\"\" srcset=\"https:\/\/explorelogicsit.net\/malerfirm\/wp-content\/uploads\/2024\/10\/Picture-11-2.jpeg 1440w, https:\/\/explorelogicsit.net\/malerfirm\/wp-content\/uploads\/2024\/10\/Picture-11-2-240x300.jpeg 240w, https:\/\/explorelogicsit.net\/malerfirm\/wp-content\/uploads\/2024\/10\/Picture-11-2-819x1024.jpeg 819w, https:\/\/explorelogicsit.net\/malerfirm\/wp-content\/uploads\/2024\/10\/Picture-11-2-768x960.jpeg 768w, https:\/\/explorelogicsit.net\/malerfirm\/wp-content\/uploads\/2024\/10\/Picture-11-2-1229x1536.jpeg 1229w\" sizes=\"(max-width: 1440px) 100vw, 1440px\" \/>\t\t\t\t\t\t\t\t\t\t\t\t\t<\/div>\n\t\t\t\t<\/div>\n\t\t<div class=\"elementor-element elementor-element-ed09e0b e-con-full services-content e-flex e-con e-child\" data-id=\"ed09e0b\" data-element_type=\"container\" data-settings=\"{&quot;background_background&quot;:&quot;classic&quot;}\">\n\t\t\t\t<div class=\"elementor-element elementor-element-e2972ab elementor-widget elementor-widget-heading\" data-id=\"e2972ab\" data-element_type=\"widget\" data-widget_type=\"heading.default\">\n\t\t\t\t<div class=\"elementor-widget-container\">\n\t\t\t<h2 class=\"elementor-heading-title elementor-size-default\">Til Det Private<\/h2>\t\t<\/div>\n\t\t\t\t<\/div>\n\t\t\t\t<div class=\"elementor-element elementor-element-c511879 elementor-widget__width-initial elementor-widget elementor-widget-text-editor\" data-id=\"c511879\" data-element_type=\"widget\" data-widget_type=\"text-editor.default\">\n\t\t\t\t<div class=\"elementor-widget-container\">\n\t\t\t\t\t\t\t<p>Klik her for at f\u00e5 et t\u00e6ttere indblik i hvad vi kan tilbyde vores private kunder<\/p>\t\t\t\t\t\t<\/div>\n\t\t\t\t<\/div>\n\t\t\t\t<div class=\"elementor-element elementor-element-68efb09 elementor-widget elementor-widget-button\" data-id=\"68efb09\" data-element_type=\"widget\" data-widget_type=\"button.default\">\n\t\t\t\t<div class=\"elementor-widget-container\">\n\t\t\t\t\t<div class=\"elementor-button-wrapper\">\n\t\t\t<a class=\"elementor-button elementor-button-link elementor-size-sm elementor-animation-shrink\" href=\"https:\/\/explorelogicsit.net\/malerfirm\/til-det-private\/\">\n\t\t\t\t\t\t<span class=\"elementor-button-content-wrapper\">\n\t\t\t\t\t\t<span class=\"elementor-button-icon\">\n\t\t\t\t<svg aria-hidden=\"true\" class=\"e-font-icon-svg e-fas-angle-right\" viewBox=\"0 0 256 512\" xmlns=\"http:\/\/www.w3.org\/2000\/svg\"><path d=\"M224.3 273l-136 136c-9.4 9.4-24.6 9.4-33.9 0l-22.6-22.6c-9.4-9.4-9.4-24.6 0-33.9l96.4-96.4-96.4-96.4c-9.4-9.4-9.4-24.6 0-33.9L54.3 103c9.4-9.4 24.6-9.4 33.9 0l136 136c9.5 9.4 9.5 24.6.1 34z\"><\/path><\/svg>\t\t\t<\/span>\n\t\t\t\t\t\t\t\t\t<span class=\"elementor-button-text\">l\u00e6s mere<\/span>\n\t\t\t\t\t<\/span>\n\t\t\t\t\t<\/a>\n\t\t<\/div>\n\t\t\t\t<\/div>\n\t\t\t\t<\/div>\n\t\t\t\t<\/div>\n\t\t\t\t<\/div>\n\t\t<div class=\"elementor-element elementor-element-487aeb7 e-con-full service_main_cls e-flex e-con e-child\" data-id=\"487aeb7\" data-element_type=\"container\">\n\t\t\t\t<div class=\"elementor-element elementor-element-3605576 elementor-widget elementor-widget-image\" data-id=\"3605576\" data-element_type=\"widget\" data-widget_type=\"image.default\">\n\t\t\t\t<div class=\"elementor-widget-container\">\n\t\t\t\t\t\t\t\t\t\t\t\t\t<img decoding=\"async\" width=\"1920\" height=\"2560\" src=\"https:\/\/explorelogicsit.net\/malerfirm\/wp-content\/uploads\/2024\/10\/Picture-12-scaled.jpeg\" class=\"attachment-full size-full wp-image-1568\" alt=\"\" srcset=\"https:\/\/explorelogicsit.net\/malerfirm\/wp-content\/uploads\/2024\/10\/Picture-12-scaled.jpeg 1920w, https:\/\/explorelogicsit.net\/malerfirm\/wp-content\/uploads\/2024\/10\/Picture-12-225x300.jpeg 225w, https:\/\/explorelogicsit.net\/malerfirm\/wp-content\/uploads\/2024\/10\/Picture-12-768x1024.jpeg 768w, https:\/\/explorelogicsit.net\/malerfirm\/wp-content\/uploads\/2024\/10\/Picture-12-1152x1536.jpeg 1152w, https:\/\/explorelogicsit.net\/malerfirm\/wp-content\/uploads\/2024\/10\/Picture-12-1536x2048.jpeg 1536w\" sizes=\"(max-width: 1920px) 100vw, 1920px\" \/>\t\t\t\t\t\t\t\t\t\t\t\t\t<\/div>\n\t\t\t\t<\/div>\n\t\t<div class=\"elementor-element elementor-element-d40c515 e-con-full services-content e-flex e-con e-child\" data-id=\"d40c515\" data-element_type=\"container\" data-settings=\"{&quot;background_background&quot;:&quot;classic&quot;}\">\n\t\t\t\t<div class=\"elementor-element elementor-element-a5db908 elementor-widget elementor-widget-heading\" data-id=\"a5db908\" data-element_type=\"widget\" data-widget_type=\"heading.default\">\n\t\t\t\t<div class=\"elementor-widget-container\">\n\t\t\t<h2 class=\"elementor-heading-title elementor-size-default\">Til Erhverv<\/h2>\t\t<\/div>\n\t\t\t\t<\/div>\n\t\t\t\t<div class=\"elementor-element elementor-element-3134b88 elementor-widget__width-initial elementor-widget elementor-widget-text-editor\" data-id=\"3134b88\" data-element_type=\"widget\" data-widget_type=\"text-editor.default\">\n\t\t\t\t<div class=\"elementor-widget-container\">\n\t\t\t\t\t\t\t<p>Klik her for at f\u00e5 et t\u00e6ttere indblik i hvad vi kan tilbyde vores erhvervs kunder<\/p>\t\t\t\t\t\t<\/div>\n\t\t\t\t<\/div>\n\t\t\t\t<div class=\"elementor-element elementor-element-993fce1 elementor-widget elementor-widget-button\" data-id=\"993fce1\" data-element_type=\"widget\" data-widget_type=\"button.default\">\n\t\t\t\t<div class=\"elementor-widget-container\">\n\t\t\t\t\t<div class=\"elementor-button-wrapper\">\n\t\t\t<a class=\"elementor-button elementor-button-link elementor-size-sm elementor-animation-shrink\" href=\"https:\/\/explorelogicsit.net\/malerfirm\/til-erhverv\/\">\n\t\t\t\t\t\t<span class=\"elementor-button-content-wrapper\">\n\t\t\t\t\t\t<span class=\"elementor-button-icon\">\n\t\t\t\t<svg aria-hidden=\"true\" class=\"e-font-icon-svg e-fas-angle-right\" viewBox=\"0 0 256 512\" xmlns=\"http:\/\/www.w3.org\/2000\/svg\"><path d=\"M224.3 273l-136 136c-9.4 9.4-24.6 9.4-33.9 0l-22.6-22.6c-9.4-9.4-9.4-24.6 0-33.9l96.4-96.4-96.4-96.4c-9.4-9.4-9.4-24.6 0-33.9L54.3 103c9.4-9.4 24.6-9.4 33.9 0l136 136c9.5 9.4 9.5 24.6.1 34z\"><\/path><\/svg>\t\t\t<\/span>\n\t\t\t\t\t\t\t\t\t<span class=\"elementor-button-text\">l\u00e6s mere<\/span>\n\t\t\t\t\t<\/span>\n\t\t\t\t\t<\/a>\n\t\t<\/div>\n\t\t\t\t<\/div>\n\t\t\t\t<\/div>\n\t\t\t\t<\/div>\n\t\t\t\t<\/div>\n\t\t<div class=\"elementor-element elementor-element-8bf99ba e-con-full service_main_cls elementor-hidden-desktop elementor-hidden-tablet elementor-hidden-mobile e-flex e-con e-child\" data-id=\"8bf99ba\" data-element_type=\"container\">\n\t\t\t\t<div class=\"elementor-element elementor-element-d6a8464 elementor-widget elementor-widget-image\" data-id=\"d6a8464\" data-element_type=\"widget\" data-widget_type=\"image.default\">\n\t\t\t\t<div class=\"elementor-widget-container\">\n\t\t\t\t\t\t\t\t\t\t\t\t\t<img decoding=\"async\" width=\"330\" height=\"230\" src=\"https:\/\/explorelogicsit.net\/malerfirm\/wp-content\/uploads\/2024\/10\/1.jpg\" class=\"attachment-full size-full wp-image-1155\" alt=\"\" srcset=\"https:\/\/explorelogicsit.net\/malerfirm\/wp-content\/uploads\/2024\/10\/1.jpg 330w, https:\/\/explorelogicsit.net\/malerfirm\/wp-content\/uploads\/2024\/10\/1-300x209.jpg 300w\" sizes=\"(max-width: 330px) 100vw, 330px\" \/>\t\t\t\t\t\t\t\t\t\t\t\t\t<\/div>\n\t\t\t\t<\/div>\n\t\t<div class=\"elementor-element elementor-element-2c2c0ae e-con-full services-content e-flex e-con e-child\" data-id=\"2c2c0ae\" data-element_type=\"container\" data-settings=\"{&quot;background_background&quot;:&quot;classic&quot;}\">\n\t\t\t\t<div class=\"elementor-element elementor-element-9b843ec elementor-widget elementor-widget-heading\" data-id=\"9b843ec\" data-element_type=\"widget\" data-widget_type=\"heading.default\">\n\t\t\t\t<div class=\"elementor-widget-container\">\n\t\t\t<h2 class=\"elementor-heading-title elementor-size-default\"> Maler Ydelser Til Privat<\/h2>\t\t<\/div>\n\t\t\t\t<\/div>\n\t\t\t\t<div class=\"elementor-element elementor-element-ab64aa3 elementor-widget__width-initial elementor-widget elementor-widget-text-editor\" data-id=\"ab64aa3\" data-element_type=\"widget\" data-widget_type=\"text-editor.default\">\n\t\t\t\t<div class=\"elementor-widget-container\">\n\t\t\t\t\t\t\t<p>Spartel &amp; filt Inden- og udend\u00f8rs maling Renovering<\/p>\t\t\t\t\t\t<\/div>\n\t\t\t\t<\/div>\n\t\t\t\t<div class=\"elementor-element elementor-element-8627fb6 elementor-widget elementor-widget-button\" data-id=\"8627fb6\" data-element_type=\"widget\" data-widget_type=\"button.default\">\n\t\t\t\t<div class=\"elementor-widget-container\">\n\t\t\t\t\t<div class=\"elementor-button-wrapper\">\n\t\t\t<a class=\"elementor-button elementor-button-link elementor-size-sm elementor-animation-shrink\" href=\"#\">\n\t\t\t\t\t\t<span class=\"elementor-button-content-wrapper\">\n\t\t\t\t\t\t<span class=\"elementor-button-icon\">\n\t\t\t\t<svg aria-hidden=\"true\" class=\"e-font-icon-svg e-fas-angle-right\" viewBox=\"0 0 256 512\" xmlns=\"http:\/\/www.w3.org\/2000\/svg\"><path d=\"M224.3 273l-136 136c-9.4 9.4-24.6 9.4-33.9 0l-22.6-22.6c-9.4-9.4-9.4-24.6 0-33.9l96.4-96.4-96.4-96.4c-9.4-9.4-9.4-24.6 0-33.9L54.3 103c9.4-9.4 24.6-9.4 33.9 0l136 136c9.5 9.4 9.5 24.6.1 34z\"><\/path><\/svg>\t\t\t<\/span>\n\t\t\t\t\t\t\t\t\t<span class=\"elementor-button-text\">l\u00e6s mere<\/span>\n\t\t\t\t\t<\/span>\n\t\t\t\t\t<\/a>\n\t\t<\/div>\n\t\t\t\t<\/div>\n\t\t\t\t<\/div>\n\t\t\t\t<\/div>\n\t\t\t\t<\/div>\n\t\t<div class=\"elementor-element elementor-element-9c19a86 e-con-full service_main_cls elementor-hidden-desktop elementor-hidden-tablet elementor-hidden-mobile e-flex e-con e-child\" data-id=\"9c19a86\" data-element_type=\"container\">\n\t\t\t\t<div class=\"elementor-element elementor-element-e05ab82 elementor-widget elementor-widget-image\" data-id=\"e05ab82\" data-element_type=\"widget\" data-widget_type=\"image.default\">\n\t\t\t\t<div class=\"elementor-widget-container\">\n\t\t\t\t\t\t\t\t\t\t\t\t\t<img loading=\"lazy\" decoding=\"async\" width=\"330\" height=\"230\" src=\"https:\/\/explorelogicsit.net\/malerfirm\/wp-content\/uploads\/2024\/10\/3.jpg\" class=\"attachment-full size-full wp-image-1157\" alt=\"\" srcset=\"https:\/\/explorelogicsit.net\/malerfirm\/wp-content\/uploads\/2024\/10\/3.jpg 330w, https:\/\/explorelogicsit.net\/malerfirm\/wp-content\/uploads\/2024\/10\/3-300x209.jpg 300w\" sizes=\"(max-width: 330px) 100vw, 330px\" \/>\t\t\t\t\t\t\t\t\t\t\t\t\t<\/div>\n\t\t\t\t<\/div>\n\t\t<div class=\"elementor-element elementor-element-3714fe9 e-con-full services-content e-flex e-con e-child\" data-id=\"3714fe9\" data-element_type=\"container\" data-settings=\"{&quot;background_background&quot;:&quot;classic&quot;}\">\n\t\t\t\t<div class=\"elementor-element elementor-element-36e7bdc elementor-widget elementor-widget-heading\" data-id=\"36e7bdc\" data-element_type=\"widget\" data-widget_type=\"heading.default\">\n\t\t\t\t<div class=\"elementor-widget-container\">\n\t\t\t<h2 class=\"elementor-heading-title elementor-size-default\">Maler Ydelser Til Erhverv<\/h2>\t\t<\/div>\n\t\t\t\t<\/div>\n\t\t\t\t<div class=\"elementor-element elementor-element-38449c7 elementor-widget__width-initial elementor-widget elementor-widget-text-editor\" data-id=\"38449c7\" data-element_type=\"widget\" data-widget_type=\"text-editor.default\">\n\t\t\t\t<div class=\"elementor-widget-container\">\n\t\t\t\t\t\t\t<p>Vi l\u00f8ser alle typer maleropgaver, for virksomheder, institutioner\/foreninger &amp; forretninger i K\u00f8benhavn og omegen<\/p>\t\t\t\t\t\t<\/div>\n\t\t\t\t<\/div>\n\t\t\t\t<div class=\"elementor-element elementor-element-cbed818 elementor-widget elementor-widget-button\" data-id=\"cbed818\" data-element_type=\"widget\" data-widget_type=\"button.default\">\n\t\t\t\t<div class=\"elementor-widget-container\">\n\t\t\t\t\t<div class=\"elementor-button-wrapper\">\n\t\t\t<a class=\"elementor-button elementor-button-link elementor-size-sm elementor-animation-shrink\" href=\"#\">\n\t\t\t\t\t\t<span class=\"elementor-button-content-wrapper\">\n\t\t\t\t\t\t<span class=\"elementor-button-icon\">\n\t\t\t\t<svg aria-hidden=\"true\" class=\"e-font-icon-svg e-fas-angle-right\" viewBox=\"0 0 256 512\" xmlns=\"http:\/\/www.w3.org\/2000\/svg\"><path d=\"M224.3 273l-136 136c-9.4 9.4-24.6 9.4-33.9 0l-22.6-22.6c-9.4-9.4-9.4-24.6 0-33.9l96.4-96.4-96.4-96.4c-9.4-9.4-9.4-24.6 0-33.9L54.3 103c9.4-9.4 24.6-9.4 33.9 0l136 136c9.5 9.4 9.5 24.6.1 34z\"><\/path><\/svg>\t\t\t<\/span>\n\t\t\t\t\t\t\t\t\t<span class=\"elementor-button-text\">l\u00e6s mere<\/span>\n\t\t\t\t\t<\/span>\n\t\t\t\t\t<\/a>\n\t\t<\/div>\n\t\t\t\t<\/div>\n\t\t\t\t<\/div>\n\t\t\t\t<\/div>\n\t\t\t\t<\/div>\n\t\t\t\t\t<\/div>\n\t\t\t\t<\/div>\n\t\t\t\t<\/div>\n\t\t","protected":false},"excerpt":{"rendered":"<p>Tjenester Til Det Private Klik her for at f\u00e5 et t\u00e6ttere indblik i hvad vi kan tilbyde vores private kunder l\u00e6s mere Til Erhverv Klik her for at f\u00e5 et t\u00e6ttere indblik i hvad vi kan tilbyde vores erhvervs kunder l\u00e6s mere Maler Ydelser Til Privat Spartel &amp; filt Inden- og udend\u00f8rs maling Renovering l\u00e6s [&hellip;]<\/p>\n","protected":false},"author":1,"featured_media":0,"parent":0,"menu_order":0,"comment_status":"closed","ping_status":"closed","template":"elementor_header_footer","meta":{"footnotes":""},"class_list":["post-13","page","type-page","status-publish","hentry"],"_links":{"self":[{"href":"https:\/\/explorelogicsit.net\/malerfirm\/wp-json\/wp\/v2\/pages\/13"}],"collection":[{"href":"https:\/\/explorelogicsit.net\/malerfirm\/wp-json\/wp\/v2\/pages"}],"about":[{"href":"https:\/\/explorelogicsit.net\/malerfirm\/wp-json\/wp\/v2\/types\/page"}],"author":[{"embeddable":true,"href":"https:\/\/explorelogicsit.net\/malerfirm\/wp-json\/wp\/v2\/users\/1"}],"replies":[{"embeddable":true,"href":"https:\/\/explorelogicsit.net\/malerfirm\/wp-json\/wp\/v2\/comments?post=13"}],"version-history":[{"count":269,"href":"https:\/\/explorelogicsit.net\/malerfirm\/wp-json\/wp\/v2\/pages\/13\/revisions"}],"predecessor-version":[{"id":2946,"href":"https:\/\/explorelogicsit.net\/malerfirm\/wp-json\/wp\/v2\/pages\/13\/revisions\/2946"}],"wp:attachment":[{"href":"https:\/\/explorelogicsit.net\/malerfirm\/wp-json\/wp\/v2\/media?parent=13"}],"curies":[{"name":"wp","href":"https:\/\/api.w.org\/{rel}","templated":true}]}}