

{"id":1618,"date":"2024-10-24T10:56:07","date_gmt":"2024-10-24T10:56:07","guid":{"rendered":"https:\/\/explorelogicsit.net\/malerfirm\/?page_id=1618"},"modified":"2024-10-29T13:51:49","modified_gmt":"2024-10-29T13:51:49","slug":"til-erhverv","status":"publish","type":"page","link":"https:\/\/explorelogicsit.net\/malerfirm\/til-erhverv\/","title":{"rendered":"TIL ERHVERV"},"content":{"rendered":"\t\t<div data-elementor-type=\"wp-page\" data-elementor-id=\"1618\" class=\"elementor elementor-1618\" data-elementor-post-type=\"page\">\n\t\t\t\t<div class=\"elementor-element elementor-element-7e68ff0 e-con-full e-flex e-con e-parent\" data-id=\"7e68ff0\" data-element_type=\"container\" data-settings=\"{&quot;background_background&quot;:&quot;classic&quot;}\">\n\t\t<div class=\"elementor-element elementor-element-40e440b e-con-full e-flex e-con e-child\" data-id=\"40e440b\" data-element_type=\"container\">\n\t\t<div class=\"elementor-element elementor-element-eec351a e-con-full e-flex e-con e-child\" data-id=\"eec351a\" data-element_type=\"container\" data-settings=\"{&quot;background_background&quot;:&quot;classic&quot;}\">\n\t\t\t\t<div class=\"elementor-element elementor-element-8753117 elementor-widget elementor-widget-heading\" data-id=\"8753117\" data-element_type=\"widget\" data-widget_type=\"heading.default\">\n\t\t\t\t<div class=\"elementor-widget-container\">\n\t\t\t<h2 class=\"elementor-heading-title elementor-size-default\">TIL ERHVERV<\/h2>\t\t<\/div>\n\t\t\t\t<\/div>\n\t\t\t\t<div class=\"elementor-element elementor-element-2f1dc50 elementor-widget elementor-widget-heading\" data-id=\"2f1dc50\" data-element_type=\"widget\" data-widget_type=\"heading.default\">\n\t\t\t\t<div class=\"elementor-widget-container\">\n\t\t\t<h2 class=\"elementor-heading-title elementor-size-default\">SPARTEL &amp; FILT<\/h2>\t\t<\/div>\n\t\t\t\t<\/div>\n\t\t\t\t<div class=\"elementor-element elementor-element-42b6af0 elementor-widget elementor-widget-text-editor\" data-id=\"42b6af0\" data-element_type=\"widget\" data-widget_type=\"text-editor.default\">\n\t\t\t\t<div class=\"elementor-widget-container\">\n\t\t\t\t\t\t\t<p>\u200bVi st\u00e5r altid klar med r\u00e5d og vejledning, hvis du har besluttet at ops\u00e6tte glasv\u00e6v eller filt p\u00e5 v\u00e6gge og lofter.<\/p><p>Vi r\u00e5dgiver dig om, hvad du skal v\u00e6re opm\u00e6rksom p\u00e5 for at opn\u00e5 det bedst mulige resultat med spartel og filt. Fra klarg\u00f8ring af overfladerne til den afsluttende reng\u00f8ring.<\/p><p>Hos os udf\u00f8rer vi arbejdet for dig, s\u00e5 du ender med et professionelt resultat, som b\u00e5de du og vi er tilfredse med.<br \/>\u200b<br \/><a href=\"tel:tel:42269552\">Ring<\/a> eller <a href=\"mailto:kontakt@malerfirmaetbka.dk\">skriv<\/a> endelig for at f\u00e5 de gode r\u00e5d og de gode tilbud.<\/p>\t\t\t\t\t\t<\/div>\n\t\t\t\t<\/div>\n\t\t\t\t<\/div>\n\t\t\t\t<\/div>\n\t\t<div class=\"elementor-element elementor-element-f475a13 e-con-full e-flex e-con e-child\" data-id=\"f475a13\" data-element_type=\"container\" data-settings=\"{&quot;background_background&quot;:&quot;classic&quot;}\">\n\t\t\t\t<\/div>\n\t\t\t\t<\/div>\n\t\t<div class=\"elementor-element elementor-element-0035bf0 e-con-full reverse-col e-flex e-con e-parent\" data-id=\"0035bf0\" data-element_type=\"container\" data-settings=\"{&quot;background_background&quot;:&quot;classic&quot;}\">\n\t\t<div class=\"elementor-element elementor-element-158ca2c e-con-full e-flex e-con e-child\" data-id=\"158ca2c\" data-element_type=\"container\" data-settings=\"{&quot;background_background&quot;:&quot;classic&quot;}\">\n\t\t\t\t<\/div>\n\t\t<div class=\"elementor-element elementor-element-16383c0 e-con-full e-flex e-con e-child\" data-id=\"16383c0\" data-element_type=\"container\" data-settings=\"{&quot;background_background&quot;:&quot;classic&quot;}\">\n\t\t\t\t<div class=\"elementor-element elementor-element-98fe0f3 elementor-widget elementor-widget-heading\" data-id=\"98fe0f3\" data-element_type=\"widget\" data-widget_type=\"heading.default\">\n\t\t\t\t<div class=\"elementor-widget-container\">\n\t\t\t<h2 class=\"elementor-heading-title elementor-size-default\">RENOVERING<\/h2>\t\t<\/div>\n\t\t\t\t<\/div>\n\t\t\t\t<div class=\"elementor-element elementor-element-4aa8538 elementor-widget elementor-widget-text-editor\" data-id=\"4aa8538\" data-element_type=\"widget\" data-widget_type=\"text-editor.default\">\n\t\t\t\t<div class=\"elementor-widget-container\">\n\t\t\t\t\t\t\t<p>Malerfirmaet BKA l\u00f8ser b\u00e5de erhvervsrelaterede opgaver s\u00e5vel som <a href=\"#\">private<\/a>, og du skal blot henvende dig for at h\u00f8re n\u00e6rmere eller for at f\u00e5 et uforpligtende tilbud.<\/p><p>Vi har til vores kunders store tilfredshed udf\u00f8rt mange smukke og billige istands\u00e6ttelser i boligforeninger, hvor f\u00e6llesarealer har v\u00e6ret nedslidt og lejligheder misligholdt.<\/p><p>Gennem \u00e5rene har vi udf\u00f8rt en lang r\u00e6kke forskellige renoveringsopgaver. Vores erfaring sp\u00e6nder derfor vidt, og vi er s\u00e5ledes ogs\u00e5 klar til at udf\u00f8re opgaver for jer.\u200b<\/p><p>Vi st\u00e5r for <a href=\"https:\/\/explorelogicsit.net\/malerfirm\/\">renovering<\/a> og istands\u00e6ttelse af facader, v\u00e6gge og lofter i villaer, p\u00e5 kontorer og i ejendomme.\u200b<\/p><p>Malerfirmaet BKA giver nyt liv til gamle bygninger.<\/p><p><a href=\"mailto:kontakt@malerfirmaetbka.dk\">Kontakt os<\/a> for et uforpligtende tilbud p\u00e5 jeres opgave.<\/p>\t\t\t\t\t\t<\/div>\n\t\t\t\t<\/div>\n\t\t\t\t<\/div>\n\t\t\t\t<\/div>\n\t\t<div class=\"elementor-element elementor-element-b5bdd98 e-con-full e-flex e-con e-parent\" data-id=\"b5bdd98\" data-element_type=\"container\" data-settings=\"{&quot;background_background&quot;:&quot;classic&quot;}\">\n\t\t<div class=\"elementor-element elementor-element-c239949 e-con-full e-flex e-con e-child\" data-id=\"c239949\" data-element_type=\"container\">\n\t\t<div class=\"elementor-element elementor-element-63ff042 e-con-full e-flex e-con e-child\" data-id=\"63ff042\" data-element_type=\"container\">\n\t\t\t\t<div class=\"elementor-element elementor-element-37fc232 elementor-widget elementor-widget-heading\" data-id=\"37fc232\" data-element_type=\"widget\" data-widget_type=\"heading.default\">\n\t\t\t\t<div class=\"elementor-widget-container\">\n\t\t\t<h2 class=\"elementor-heading-title elementor-size-default\">INDEN- &amp; UDEND\u00d8RS MALING<\/h2>\t\t<\/div>\n\t\t\t\t<\/div>\n\t\t\t\t<div class=\"elementor-element elementor-element-29fa5af elementor-widget elementor-widget-text-editor\" data-id=\"29fa5af\" data-element_type=\"widget\" data-widget_type=\"text-editor.default\">\n\t\t\t\t<div class=\"elementor-widget-container\">\n\t\t\t\t\t\t\t<p>Vi udf\u00f8rer alle former for maleropgaver samt st\u00e5r for vedligeholdelse s\u00e5vel indend\u00f8rs som udend\u00f8rs for netop din virksomhed.<\/p><p>Kvalitet er vores kernev\u00e6rdi, og derfor er du hos os garanteret kvalitetsmalerarbejde. Vi har kun faguddannede malere, og vi benytter kun kvalitetsprodukter.<\/p><p>At det er vigtigt med en flot facade, er noget vi alle ved. Fremst\u00e5r facaden p\u00e5 din virksomhed eksempelvis ikke intakt, har det stor betydning for, hvordan du har det med bygningen. Det er det f\u00f8rste m\u00f8de andre f\u00e5r af dig eller af din virksomhed. Facaden er ogs\u00e5 i f\u00f8rste \u00f8jekast det, du identificerer dig med, n\u00e5r du m\u00f8der p\u00e5 arbejde.<\/p><p>Du er velkommen til at bev\u00e6ge dig rundt p\u00e5 vores hjemmeside, som fort\u00e6ller mere om Malerfirmaet BKA og vores kompetencer. Vi st\u00e5r ligeledes klar ved <a href=\"tel:42269552\">telefonen<\/a>, hvis du har sp\u00f8rgsm\u00e5l eller \u00f8nsker et uforpligtende tilbud.\u200b<\/p>\t\t\t\t\t\t<\/div>\n\t\t\t\t<\/div>\n\t\t\t\t<\/div>\n\t\t\t\t<\/div>\n\t\t<div class=\"elementor-element elementor-element-4ea8fea e-con-full e-flex e-con e-child\" data-id=\"4ea8fea\" data-element_type=\"container\" data-settings=\"{&quot;background_background&quot;:&quot;classic&quot;}\">\n\t\t\t\t<\/div>\n\t\t\t\t<\/div>\n\t\t<div class=\"elementor-element elementor-element-9f1baac elementor-hidden-desktop elementor-hidden-tablet elementor-hidden-mobile e-flex e-con-boxed e-con e-parent\" data-id=\"9f1baac\" data-element_type=\"container\">\n\t\t\t\t\t<div class=\"e-con-inner\">\n\t\t\t\t<div class=\"elementor-element elementor-element-3c53f62 elementor-widget elementor-widget-heading\" data-id=\"3c53f62\" data-element_type=\"widget\" data-widget_type=\"heading.default\">\n\t\t\t\t<div class=\"elementor-widget-container\">\n\t\t\t<h2 class=\"elementor-heading-title elementor-size-default\">RENOVERING<\/h2>\t\t<\/div>\n\t\t\t\t<\/div>\n\t\t\t\t\t<\/div>\n\t\t\t\t<\/div>\n\t\t<div class=\"elementor-element elementor-element-37d8273 e-grid elementor-hidden-desktop elementor-hidden-tablet elementor-hidden-mobile e-con-boxed e-con e-parent\" data-id=\"37d8273\" data-element_type=\"container\">\n\t\t\t\t\t<div class=\"e-con-inner\">\n\t\t<div class=\"elementor-element elementor-element-5e4f0bf e-con-full service_main_cls e-flex e-con e-child\" data-id=\"5e4f0bf\" data-element_type=\"container\">\n\t\t\t\t<div class=\"elementor-element elementor-element-c2aa875 elementor-widget elementor-widget-image\" data-id=\"c2aa875\" data-element_type=\"widget\" data-widget_type=\"image.default\">\n\t\t\t\t<div class=\"elementor-widget-container\">\n\t\t\t\t\t\t\t\t\t\t\t\t\t<img fetchpriority=\"high\" decoding=\"async\" width=\"330\" height=\"230\" src=\"https:\/\/explorelogicsit.net\/malerfirm\/wp-content\/uploads\/2024\/10\/1.jpg\" class=\"attachment-full size-full wp-image-1155\" alt=\"\" srcset=\"https:\/\/explorelogicsit.net\/malerfirm\/wp-content\/uploads\/2024\/10\/1.jpg 330w, https:\/\/explorelogicsit.net\/malerfirm\/wp-content\/uploads\/2024\/10\/1-300x209.jpg 300w\" sizes=\"(max-width: 330px) 100vw, 330px\" \/>\t\t\t\t\t\t\t\t\t\t\t\t\t<\/div>\n\t\t\t\t<\/div>\n\t\t<div class=\"elementor-element elementor-element-7f530bc e-con-full services-content e-flex e-con e-child\" data-id=\"7f530bc\" data-element_type=\"container\" data-settings=\"{&quot;background_background&quot;:&quot;classic&quot;}\">\n\t\t\t\t<div class=\"elementor-element elementor-element-480839e elementor-widget elementor-widget-heading\" data-id=\"480839e\" data-element_type=\"widget\" data-widget_type=\"heading.default\">\n\t\t\t\t<div class=\"elementor-widget-container\">\n\t\t\t<h2 class=\"elementor-heading-title elementor-size-default\"> Maler Ydelser Til Privat<\/h2>\t\t<\/div>\n\t\t\t\t<\/div>\n\t\t\t\t<div class=\"elementor-element elementor-element-5d4ba8d elementor-widget__width-initial elementor-widget elementor-widget-text-editor\" data-id=\"5d4ba8d\" data-element_type=\"widget\" data-widget_type=\"text-editor.default\">\n\t\t\t\t<div class=\"elementor-widget-container\">\n\t\t\t\t\t\t\t<p>Spartel &amp; filt Inden- og udend\u00f8rs maling Renovering<\/p>\t\t\t\t\t\t<\/div>\n\t\t\t\t<\/div>\n\t\t\t\t<div class=\"elementor-element elementor-element-1868a61 elementor-widget elementor-widget-button\" data-id=\"1868a61\" data-element_type=\"widget\" data-widget_type=\"button.default\">\n\t\t\t\t<div class=\"elementor-widget-container\">\n\t\t\t\t\t<div class=\"elementor-button-wrapper\">\n\t\t\t<a class=\"elementor-button elementor-button-link elementor-size-sm elementor-animation-shrink\" href=\"#\">\n\t\t\t\t\t\t<span class=\"elementor-button-content-wrapper\">\n\t\t\t\t\t\t<span class=\"elementor-button-icon\">\n\t\t\t\t<svg aria-hidden=\"true\" class=\"e-font-icon-svg e-fas-angle-right\" viewBox=\"0 0 256 512\" xmlns=\"http:\/\/www.w3.org\/2000\/svg\"><path d=\"M224.3 273l-136 136c-9.4 9.4-24.6 9.4-33.9 0l-22.6-22.6c-9.4-9.4-9.4-24.6 0-33.9l96.4-96.4-96.4-96.4c-9.4-9.4-9.4-24.6 0-33.9L54.3 103c9.4-9.4 24.6-9.4 33.9 0l136 136c9.5 9.4 9.5 24.6.1 34z\"><\/path><\/svg>\t\t\t<\/span>\n\t\t\t\t\t\t\t\t\t<span class=\"elementor-button-text\">l\u00e6s mere<\/span>\n\t\t\t\t\t<\/span>\n\t\t\t\t\t<\/a>\n\t\t<\/div>\n\t\t\t\t<\/div>\n\t\t\t\t<\/div>\n\t\t\t\t<\/div>\n\t\t\t\t<\/div>\n\t\t<div class=\"elementor-element elementor-element-5d0d523 e-con-full service_main_cls e-flex e-con e-child\" data-id=\"5d0d523\" data-element_type=\"container\">\n\t\t\t\t<div class=\"elementor-element elementor-element-28b5dcd elementor-widget elementor-widget-image\" data-id=\"28b5dcd\" data-element_type=\"widget\" data-widget_type=\"image.default\">\n\t\t\t\t<div class=\"elementor-widget-container\">\n\t\t\t\t\t\t\t\t\t\t\t\t\t<img decoding=\"async\" width=\"330\" height=\"230\" src=\"https:\/\/explorelogicsit.net\/malerfirm\/wp-content\/uploads\/2024\/10\/3.jpg\" class=\"attachment-full size-full wp-image-1157\" alt=\"\" srcset=\"https:\/\/explorelogicsit.net\/malerfirm\/wp-content\/uploads\/2024\/10\/3.jpg 330w, https:\/\/explorelogicsit.net\/malerfirm\/wp-content\/uploads\/2024\/10\/3-300x209.jpg 300w\" sizes=\"(max-width: 330px) 100vw, 330px\" \/>\t\t\t\t\t\t\t\t\t\t\t\t\t<\/div>\n\t\t\t\t<\/div>\n\t\t<div class=\"elementor-element elementor-element-0965f4f e-con-full services-content e-flex e-con e-child\" data-id=\"0965f4f\" data-element_type=\"container\" data-settings=\"{&quot;background_background&quot;:&quot;classic&quot;}\">\n\t\t\t\t<div class=\"elementor-element elementor-element-498c3ed elementor-widget elementor-widget-heading\" data-id=\"498c3ed\" data-element_type=\"widget\" data-widget_type=\"heading.default\">\n\t\t\t\t<div class=\"elementor-widget-container\">\n\t\t\t<h2 class=\"elementor-heading-title elementor-size-default\">Maler Ydelser Til Erhverv<\/h2>\t\t<\/div>\n\t\t\t\t<\/div>\n\t\t\t\t<div class=\"elementor-element elementor-element-4c570e4 elementor-widget__width-initial elementor-widget elementor-widget-text-editor\" data-id=\"4c570e4\" data-element_type=\"widget\" data-widget_type=\"text-editor.default\">\n\t\t\t\t<div class=\"elementor-widget-container\">\n\t\t\t\t\t\t\t<p>Vi l\u00f8ser alle typer maleropgaver, for virksomheder, institutioner\/foreninger &amp; forretninger i K\u00f8benhavn og omegen<\/p>\t\t\t\t\t\t<\/div>\n\t\t\t\t<\/div>\n\t\t\t\t<div class=\"elementor-element elementor-element-2351819 elementor-widget elementor-widget-button\" data-id=\"2351819\" data-element_type=\"widget\" data-widget_type=\"button.default\">\n\t\t\t\t<div class=\"elementor-widget-container\">\n\t\t\t\t\t<div class=\"elementor-button-wrapper\">\n\t\t\t<a class=\"elementor-button elementor-button-link elementor-size-sm elementor-animation-shrink\" href=\"#\">\n\t\t\t\t\t\t<span class=\"elementor-button-content-wrapper\">\n\t\t\t\t\t\t<span class=\"elementor-button-icon\">\n\t\t\t\t<svg aria-hidden=\"true\" class=\"e-font-icon-svg e-fas-angle-right\" viewBox=\"0 0 256 512\" xmlns=\"http:\/\/www.w3.org\/2000\/svg\"><path d=\"M224.3 273l-136 136c-9.4 9.4-24.6 9.4-33.9 0l-22.6-22.6c-9.4-9.4-9.4-24.6 0-33.9l96.4-96.4-96.4-96.4c-9.4-9.4-9.4-24.6 0-33.9L54.3 103c9.4-9.4 24.6-9.4 33.9 0l136 136c9.5 9.4 9.5 24.6.1 34z\"><\/path><\/svg>\t\t\t<\/span>\n\t\t\t\t\t\t\t\t\t<span class=\"elementor-button-text\">l\u00e6s mere<\/span>\n\t\t\t\t\t<\/span>\n\t\t\t\t\t<\/a>\n\t\t<\/div>\n\t\t\t\t<\/div>\n\t\t\t\t<\/div>\n\t\t\t\t<\/div>\n\t\t\t\t<\/div>\n\t\t<div class=\"elementor-element elementor-element-d58ff37 e-con-full service_main_cls e-flex e-con e-child\" data-id=\"d58ff37\" data-element_type=\"container\">\n\t\t\t\t<div class=\"elementor-element elementor-element-f4379e0 elementor-widget elementor-widget-image\" data-id=\"f4379e0\" data-element_type=\"widget\" data-widget_type=\"image.default\">\n\t\t\t\t<div class=\"elementor-widget-container\">\n\t\t\t\t\t\t\t\t\t\t\t\t\t<img decoding=\"async\" width=\"330\" height=\"230\" src=\"https:\/\/explorelogicsit.net\/malerfirm\/wp-content\/uploads\/2024\/10\/4.jpg\" class=\"attachment-full size-full wp-image-1158\" alt=\"\" srcset=\"https:\/\/explorelogicsit.net\/malerfirm\/wp-content\/uploads\/2024\/10\/4.jpg 330w, https:\/\/explorelogicsit.net\/malerfirm\/wp-content\/uploads\/2024\/10\/4-300x209.jpg 300w\" sizes=\"(max-width: 330px) 100vw, 330px\" \/>\t\t\t\t\t\t\t\t\t\t\t\t\t<\/div>\n\t\t\t\t<\/div>\n\t\t<div class=\"elementor-element elementor-element-7c46f6b e-con-full services-content e-flex e-con e-child\" data-id=\"7c46f6b\" data-element_type=\"container\" data-settings=\"{&quot;background_background&quot;:&quot;classic&quot;}\">\n\t\t\t\t<div class=\"elementor-element elementor-element-d35a48b elementor-widget elementor-widget-heading\" data-id=\"d35a48b\" data-element_type=\"widget\" data-widget_type=\"heading.default\">\n\t\t\t\t<div class=\"elementor-widget-container\">\n\t\t\t<h2 class=\"elementor-heading-title elementor-size-default\">Til Erhverv<\/h2>\t\t<\/div>\n\t\t\t\t<\/div>\n\t\t\t\t<div class=\"elementor-element elementor-element-9c37e26 elementor-widget__width-initial elementor-widget elementor-widget-text-editor\" data-id=\"9c37e26\" data-element_type=\"widget\" data-widget_type=\"text-editor.default\">\n\t\t\t\t<div class=\"elementor-widget-container\">\n\t\t\t\t\t\t\t<p>Klik her for at f\u00e5 et t\u00e6ttere indblik i hvad vi kan tilbyde vores erhvervs kunder<\/p>\t\t\t\t\t\t<\/div>\n\t\t\t\t<\/div>\n\t\t\t\t<div class=\"elementor-element elementor-element-0fcd8e8 elementor-widget elementor-widget-button\" data-id=\"0fcd8e8\" data-element_type=\"widget\" data-widget_type=\"button.default\">\n\t\t\t\t<div class=\"elementor-widget-container\">\n\t\t\t\t\t<div class=\"elementor-button-wrapper\">\n\t\t\t<a class=\"elementor-button elementor-button-link elementor-size-sm elementor-animation-shrink\" href=\"#\">\n\t\t\t\t\t\t<span class=\"elementor-button-content-wrapper\">\n\t\t\t\t\t\t<span class=\"elementor-button-icon\">\n\t\t\t\t<svg aria-hidden=\"true\" class=\"e-font-icon-svg e-fas-angle-right\" viewBox=\"0 0 256 512\" xmlns=\"http:\/\/www.w3.org\/2000\/svg\"><path d=\"M224.3 273l-136 136c-9.4 9.4-24.6 9.4-33.9 0l-22.6-22.6c-9.4-9.4-9.4-24.6 0-33.9l96.4-96.4-96.4-96.4c-9.4-9.4-9.4-24.6 0-33.9L54.3 103c9.4-9.4 24.6-9.4 33.9 0l136 136c9.5 9.4 9.5 24.6.1 34z\"><\/path><\/svg>\t\t\t<\/span>\n\t\t\t\t\t\t\t\t\t<span class=\"elementor-button-text\">l\u00e6s mere<\/span>\n\t\t\t\t\t<\/span>\n\t\t\t\t\t<\/a>\n\t\t<\/div>\n\t\t\t\t<\/div>\n\t\t\t\t<\/div>\n\t\t\t\t<\/div>\n\t\t\t\t<\/div>\n\t\t\t\t\t<\/div>\n\t\t\t\t<\/div>\n\t\t\t\t<\/div>\n\t\t","protected":false},"excerpt":{"rendered":"<p>TIL ERHVERV SPARTEL &amp; FILT \u200bVi st\u00e5r altid klar med r\u00e5d og vejledning, hvis du har besluttet at ops\u00e6tte glasv\u00e6v eller filt p\u00e5 v\u00e6gge og lofter. Vi r\u00e5dgiver dig om, hvad du skal v\u00e6re opm\u00e6rksom p\u00e5 for at opn\u00e5 det bedst mulige resultat med spartel og filt. Fra klarg\u00f8ring af overfladerne til den afsluttende reng\u00f8ring. [&hellip;]<\/p>\n","protected":false},"author":1,"featured_media":0,"parent":0,"menu_order":0,"comment_status":"closed","ping_status":"closed","template":"","meta":{"footnotes":""},"class_list":["post-1618","page","type-page","status-publish","hentry"],"_links":{"self":[{"href":"https:\/\/explorelogicsit.net\/malerfirm\/wp-json\/wp\/v2\/pages\/1618"}],"collection":[{"href":"https:\/\/explorelogicsit.net\/malerfirm\/wp-json\/wp\/v2\/pages"}],"about":[{"href":"https:\/\/explorelogicsit.net\/malerfirm\/wp-json\/wp\/v2\/types\/page"}],"author":[{"embeddable":true,"href":"https:\/\/explorelogicsit.net\/malerfirm\/wp-json\/wp\/v2\/users\/1"}],"replies":[{"embeddable":true,"href":"https:\/\/explorelogicsit.net\/malerfirm\/wp-json\/wp\/v2\/comments?post=1618"}],"version-history":[{"count":142,"href":"https:\/\/explorelogicsit.net\/malerfirm\/wp-json\/wp\/v2\/pages\/1618\/revisions"}],"predecessor-version":[{"id":2994,"href":"https:\/\/explorelogicsit.net\/malerfirm\/wp-json\/wp\/v2\/pages\/1618\/revisions\/2994"}],"wp:attachment":[{"href":"https:\/\/explorelogicsit.net\/malerfirm\/wp-json\/wp\/v2\/media?parent=1618"}],"curies":[{"name":"wp","href":"https:\/\/api.w.org\/{rel}","templated":true}]}}