

{"id":583,"date":"2024-10-21T13:18:06","date_gmt":"2024-10-21T13:18:06","guid":{"rendered":"https:\/\/explorelogicsit.net\/malerfirm\/?page_id=583"},"modified":"2024-10-29T13:57:18","modified_gmt":"2024-10-29T13:57:18","slug":"til-det-private","status":"publish","type":"page","link":"https:\/\/explorelogicsit.net\/malerfirm\/til-det-private\/","title":{"rendered":"TIL DET PRIVATE"},"content":{"rendered":"\t\t<div data-elementor-type=\"wp-page\" data-elementor-id=\"583\" class=\"elementor elementor-583\" data-elementor-post-type=\"page\">\n\t\t\t\t<div class=\"elementor-element elementor-element-bbc1b58 e-con-full e-flex e-con e-parent\" data-id=\"bbc1b58\" data-element_type=\"container\" data-settings=\"{&quot;background_background&quot;:&quot;classic&quot;}\">\n\t\t<div class=\"elementor-element elementor-element-94df259 e-con-full reves e-flex e-con e-child\" data-id=\"94df259\" data-element_type=\"container\">\n\t\t<div class=\"elementor-element elementor-element-7189d4d e-con-full e-flex e-con e-child\" data-id=\"7189d4d\" data-element_type=\"container\">\n\t\t\t\t<div class=\"elementor-element elementor-element-80da119 elementor-widget elementor-widget-heading\" data-id=\"80da119\" data-element_type=\"widget\" data-widget_type=\"heading.default\">\n\t\t\t\t<div class=\"elementor-widget-container\">\n\t\t\t<h2 class=\"elementor-heading-title elementor-size-default\">TIL DET PRIVATE<\/h2>\t\t<\/div>\n\t\t\t\t<\/div>\n\t\t\t\t<div class=\"elementor-element elementor-element-11c6b26 elementor-widget elementor-widget-heading\" data-id=\"11c6b26\" data-element_type=\"widget\" data-widget_type=\"heading.default\">\n\t\t\t\t<div class=\"elementor-widget-container\">\n\t\t\t<h2 class=\"elementor-heading-title elementor-size-default\">SPARTEL &amp; FILT<\/h2>\t\t<\/div>\n\t\t\t\t<\/div>\n\t\t\t\t<div class=\"elementor-element elementor-element-e4d9930 elementor-widget elementor-widget-text-editor\" data-id=\"e4d9930\" data-element_type=\"widget\" data-widget_type=\"text-editor.default\">\n\t\t\t\t<div class=\"elementor-widget-container\">\n\t\t\t\t\t\t\t<p>Hos Malerfirmaet BKA p\u00e5 Amager er vi specialister i spartling og filtning, og vi tilbyder disse services til vores private kunder for at sikre det bedst mulige resultat for deres malerprojekt.<\/p><p>N\u00e5r det kommer til spartling, har vores erfarne malere den ekspertise og erfaring, der kr\u00e6ves for at opn\u00e5 en perfekt overflade. Spartling er en vigtig del af enhver malerproces, da det sikrer, at overfladen er glat og j\u00e6vn, hvilket er afg\u00f8rende for det endelige resultat. Vi bruger kun de bedste materialer og teknikker for at sikre et holdbart og imponerende resultat hver gang.<\/p><p>Filtning er ogs\u00e5 en vigtig del af vores malerydelser. Vores dygtige malere er i stand til at udf\u00f8re filtning p\u00e5 en professionel m\u00e5de, hvilket giver en j\u00e6vn og ensartet overflade. Filtning er is\u00e6r vigtig, hvis du har v\u00e6gge med uj\u00e6vnheder eller skader, da filtningen kan skjule disse og give en flot finish.<\/p>\t\t\t\t\t\t<\/div>\n\t\t\t\t<\/div>\n\t\t\t\t<\/div>\n\t\t\t\t<\/div>\n\t\t<div class=\"elementor-element elementor-element-3bd6c82 e-con-full reves e-flex e-con e-child\" data-id=\"3bd6c82\" data-element_type=\"container\" data-settings=\"{&quot;background_background&quot;:&quot;classic&quot;}\">\n\t\t\t\t<\/div>\n\t\t\t\t<\/div>\n\t\t<div class=\"elementor-element elementor-element-ebfca4c e-con-full reverse-col e-flex e-con e-parent\" data-id=\"ebfca4c\" data-element_type=\"container\">\n\t\t<div class=\"elementor-element elementor-element-36500c4 e-con-full e-flex e-con e-child\" data-id=\"36500c4\" data-element_type=\"container\" data-settings=\"{&quot;background_background&quot;:&quot;classic&quot;}\">\n\t\t\t\t<\/div>\n\t\t<div class=\"elementor-element elementor-element-3f43a4f e-con-full e-flex e-con e-child\" data-id=\"3f43a4f\" data-element_type=\"container\" data-settings=\"{&quot;background_background&quot;:&quot;classic&quot;}\">\n\t\t\t\t<div class=\"elementor-element elementor-element-09c2188 elementor-widget elementor-widget-heading\" data-id=\"09c2188\" data-element_type=\"widget\" data-widget_type=\"heading.default\">\n\t\t\t\t<div class=\"elementor-widget-container\">\n\t\t\t<h2 class=\"elementor-heading-title elementor-size-default\">INDEN- &amp; UDEND\u00d8RS MALING<\/h2>\t\t<\/div>\n\t\t\t\t<\/div>\n\t\t\t\t<div class=\"elementor-element elementor-element-bfa0fb1 elementor-widget elementor-widget-text-editor\" data-id=\"bfa0fb1\" data-element_type=\"widget\" data-widget_type=\"text-editor.default\">\n\t\t\t\t<div class=\"elementor-widget-container\">\n\t\t\t\t\t\t\t<p>Vi har \u00e5rs erfaring i at udf\u00f8re b\u00e5de indend\u00f8rs og udend\u00f8rs malerarbejde af h\u00f8j kvalitet til vores <a href=\"#\">private kunder<\/a>. Vores professionelle malere anvender kun de bedste teknikker og materialer til at skabe flotte og holdbare resultater, der vil imponere dig og dine g\u00e6ster.<\/p><p>Vi forst\u00e5r, at maling er en vigtig del af at skabe den \u00f8nskede stemning og stil i dit hjem, og derfor tilbyder vi en bred vifte af farver og designs, der kan tilpasses dine personlige \u00f8nsker og behov.<\/p><p>N\u00e5r det kommer til udend\u00f8rs malerarbejde, ved vi, hvor vigtigt det er at beskytte dit hjem mod vind, vejr og sol. Derfor bruger vi kun kvalitetsmaterialer og teknikker, der kan modst\u00e5 elementerne og sikre, at dit hjem ser smukt ud i mange \u00e5r fremover.<\/p>\t\t\t\t\t\t<\/div>\n\t\t\t\t<\/div>\n\t\t\t\t<\/div>\n\t\t\t\t<\/div>\n\t\t<div class=\"elementor-element elementor-element-6877e3b e-con-full e-flex e-con e-parent\" data-id=\"6877e3b\" data-element_type=\"container\" data-settings=\"{&quot;background_background&quot;:&quot;classic&quot;}\">\n\t\t<div class=\"elementor-element elementor-element-c9ad206 e-con-full e-flex e-con e-child\" data-id=\"c9ad206\" data-element_type=\"container\">\n\t\t<div class=\"elementor-element elementor-element-4ca8ffd e-con-full e-flex e-con e-child\" data-id=\"4ca8ffd\" data-element_type=\"container\">\n\t\t\t\t<div class=\"elementor-element elementor-element-7b6b27f elementor-widget elementor-widget-heading\" data-id=\"7b6b27f\" data-element_type=\"widget\" data-widget_type=\"heading.default\">\n\t\t\t\t<div class=\"elementor-widget-container\">\n\t\t\t<h2 class=\"elementor-heading-title elementor-size-default\">RENOVERING<\/h2>\t\t<\/div>\n\t\t\t\t<\/div>\n\t\t\t\t<div class=\"elementor-element elementor-element-1b73435 elementor-widget elementor-widget-text-editor\" data-id=\"1b73435\" data-element_type=\"widget\" data-widget_type=\"text-editor.default\">\n\t\t\t\t<div class=\"elementor-widget-container\">\n\t\t\t\t\t\t\t<p class=\"font_8 wixui-rich-text__text\"><span class=\"wixui-rich-text__text\">Hos Malerfirmaet BKA tilbyder vi ogs\u00e5 en omfattende\u00a0<a href=\"#\"><strong>renoveringsservice<\/strong><\/a>\u00a0til vores private kunder, der inkluderer malerarbejde, spartling, filtning og meget mere. Vores erfarne h\u00e5ndv\u00e6rkere har ekspertise i at renovere alle typer hjem, fra sm\u00e5 lejligheder til store villaer, og vi har et stort udvalg af materialer og teknikker til at skabe de bedste resultater.<\/span><\/p><p class=\"font_8 wixui-rich-text__text\"><span class=\"wixui-rich-text__text\">Vi tager os af hele processen, fra planl\u00e6gning og design til udf\u00f8relse og afslutning, og vores m\u00e5l er altid at sikre, at vores kunder er tilfredse med det f\u00e6rdige resultat. Vi arbejder altid professionelt og omhyggeligt for at minimere eventuelle forstyrrelser i dit hjem, og vi efterlader altid arbejdsomr\u00e5det i ren og ordentlig stand.<\/span><\/p><p class=\"font_8 wixui-rich-text__text\"><span class=\"wixui-rich-text__text\">Som din maler i K\u00f8benhavn, ved vi, hvor vigtigt det er at have et hjem, der er b\u00e5de funktionelt og smukt. Vores renoveringstjenester inkluderer b\u00e5de indend\u00f8rs og udend\u00f8rs arbejde, og vores malere er specialiserede i at skabe en bred vifte af designs og farver, der kan tilpasses dine \u00f8nsker og behov.<\/span><\/p>\t\t\t\t\t\t<\/div>\n\t\t\t\t<\/div>\n\t\t\t\t<\/div>\n\t\t\t\t<\/div>\n\t\t<div class=\"elementor-element elementor-element-74ba6f1 e-con-full e-flex e-con e-child\" data-id=\"74ba6f1\" data-element_type=\"container\" data-settings=\"{&quot;background_background&quot;:&quot;classic&quot;}\">\n\t\t\t\t<\/div>\n\t\t\t\t<\/div>\n\t\t<div class=\"elementor-element elementor-element-8f33c3f elementor-hidden-desktop elementor-hidden-tablet elementor-hidden-mobile e-flex e-con-boxed e-con e-parent\" data-id=\"8f33c3f\" data-element_type=\"container\">\n\t\t\t\t\t<div class=\"e-con-inner\">\n\t\t\t\t<div class=\"elementor-element elementor-element-5f6fda4 elementor-widget elementor-widget-heading\" data-id=\"5f6fda4\" data-element_type=\"widget\" data-widget_type=\"heading.default\">\n\t\t\t\t<div class=\"elementor-widget-container\">\n\t\t\t<h2 class=\"elementor-heading-title elementor-size-default\">RENOVERING<\/h2>\t\t<\/div>\n\t\t\t\t<\/div>\n\t\t\t\t\t<\/div>\n\t\t\t\t<\/div>\n\t\t<div class=\"elementor-element elementor-element-2c85979 e-grid elementor-hidden-desktop elementor-hidden-tablet elementor-hidden-mobile e-con-boxed e-con e-parent\" data-id=\"2c85979\" data-element_type=\"container\">\n\t\t\t\t\t<div class=\"e-con-inner\">\n\t\t<div class=\"elementor-element elementor-element-d20bedf e-con-full service_main_cls e-flex e-con e-child\" data-id=\"d20bedf\" data-element_type=\"container\">\n\t\t\t\t<div class=\"elementor-element elementor-element-1c56f9c elementor-widget elementor-widget-image\" data-id=\"1c56f9c\" data-element_type=\"widget\" data-widget_type=\"image.default\">\n\t\t\t\t<div class=\"elementor-widget-container\">\n\t\t\t\t\t\t\t\t\t\t\t\t\t<img fetchpriority=\"high\" decoding=\"async\" width=\"330\" height=\"230\" src=\"https:\/\/explorelogicsit.net\/malerfirm\/wp-content\/uploads\/2024\/10\/1.jpg\" class=\"attachment-full size-full wp-image-1155\" alt=\"\" srcset=\"https:\/\/explorelogicsit.net\/malerfirm\/wp-content\/uploads\/2024\/10\/1.jpg 330w, https:\/\/explorelogicsit.net\/malerfirm\/wp-content\/uploads\/2024\/10\/1-300x209.jpg 300w\" sizes=\"(max-width: 330px) 100vw, 330px\" \/>\t\t\t\t\t\t\t\t\t\t\t\t\t<\/div>\n\t\t\t\t<\/div>\n\t\t<div class=\"elementor-element elementor-element-665c9b5 e-con-full services-content e-flex e-con e-child\" data-id=\"665c9b5\" data-element_type=\"container\" data-settings=\"{&quot;background_background&quot;:&quot;classic&quot;}\">\n\t\t\t\t<div class=\"elementor-element elementor-element-6268ba3 elementor-widget elementor-widget-heading\" data-id=\"6268ba3\" data-element_type=\"widget\" data-widget_type=\"heading.default\">\n\t\t\t\t<div class=\"elementor-widget-container\">\n\t\t\t<h2 class=\"elementor-heading-title elementor-size-default\"> Maler Ydelser Til Privat<\/h2>\t\t<\/div>\n\t\t\t\t<\/div>\n\t\t\t\t<div class=\"elementor-element elementor-element-a75de14 elementor-widget__width-initial elementor-widget elementor-widget-text-editor\" data-id=\"a75de14\" data-element_type=\"widget\" data-widget_type=\"text-editor.default\">\n\t\t\t\t<div class=\"elementor-widget-container\">\n\t\t\t\t\t\t\t<p>Spartel &amp; filt Inden- og udend\u00f8rs maling Renovering<\/p>\t\t\t\t\t\t<\/div>\n\t\t\t\t<\/div>\n\t\t\t\t<div class=\"elementor-element elementor-element-56e4d32 elementor-widget elementor-widget-button\" data-id=\"56e4d32\" data-element_type=\"widget\" data-widget_type=\"button.default\">\n\t\t\t\t<div class=\"elementor-widget-container\">\n\t\t\t\t\t<div class=\"elementor-button-wrapper\">\n\t\t\t<a class=\"elementor-button elementor-button-link elementor-size-sm elementor-animation-shrink\" href=\"#\">\n\t\t\t\t\t\t<span class=\"elementor-button-content-wrapper\">\n\t\t\t\t\t\t<span class=\"elementor-button-icon\">\n\t\t\t\t<svg aria-hidden=\"true\" class=\"e-font-icon-svg e-fas-angle-right\" viewBox=\"0 0 256 512\" xmlns=\"http:\/\/www.w3.org\/2000\/svg\"><path d=\"M224.3 273l-136 136c-9.4 9.4-24.6 9.4-33.9 0l-22.6-22.6c-9.4-9.4-9.4-24.6 0-33.9l96.4-96.4-96.4-96.4c-9.4-9.4-9.4-24.6 0-33.9L54.3 103c9.4-9.4 24.6-9.4 33.9 0l136 136c9.5 9.4 9.5 24.6.1 34z\"><\/path><\/svg>\t\t\t<\/span>\n\t\t\t\t\t\t\t\t\t<span class=\"elementor-button-text\">l\u00e6s mere<\/span>\n\t\t\t\t\t<\/span>\n\t\t\t\t\t<\/a>\n\t\t<\/div>\n\t\t\t\t<\/div>\n\t\t\t\t<\/div>\n\t\t\t\t<\/div>\n\t\t\t\t<\/div>\n\t\t<div class=\"elementor-element elementor-element-7251f9d e-con-full service_main_cls e-flex e-con e-child\" data-id=\"7251f9d\" data-element_type=\"container\">\n\t\t\t\t<div class=\"elementor-element elementor-element-f5a8817 elementor-widget elementor-widget-image\" data-id=\"f5a8817\" data-element_type=\"widget\" data-widget_type=\"image.default\">\n\t\t\t\t<div class=\"elementor-widget-container\">\n\t\t\t\t\t\t\t\t\t\t\t\t\t<img decoding=\"async\" width=\"330\" height=\"230\" src=\"https:\/\/explorelogicsit.net\/malerfirm\/wp-content\/uploads\/2024\/10\/3.jpg\" class=\"attachment-full size-full wp-image-1157\" alt=\"\" srcset=\"https:\/\/explorelogicsit.net\/malerfirm\/wp-content\/uploads\/2024\/10\/3.jpg 330w, https:\/\/explorelogicsit.net\/malerfirm\/wp-content\/uploads\/2024\/10\/3-300x209.jpg 300w\" sizes=\"(max-width: 330px) 100vw, 330px\" \/>\t\t\t\t\t\t\t\t\t\t\t\t\t<\/div>\n\t\t\t\t<\/div>\n\t\t<div class=\"elementor-element elementor-element-09b70f1 e-con-full services-content e-flex e-con e-child\" data-id=\"09b70f1\" data-element_type=\"container\" data-settings=\"{&quot;background_background&quot;:&quot;classic&quot;}\">\n\t\t\t\t<div class=\"elementor-element elementor-element-fa96f20 elementor-widget elementor-widget-heading\" data-id=\"fa96f20\" data-element_type=\"widget\" data-widget_type=\"heading.default\">\n\t\t\t\t<div class=\"elementor-widget-container\">\n\t\t\t<h2 class=\"elementor-heading-title elementor-size-default\">Maler Ydelser Til Erhverv<\/h2>\t\t<\/div>\n\t\t\t\t<\/div>\n\t\t\t\t<div class=\"elementor-element elementor-element-7aefc31 elementor-widget__width-initial elementor-widget elementor-widget-text-editor\" data-id=\"7aefc31\" data-element_type=\"widget\" data-widget_type=\"text-editor.default\">\n\t\t\t\t<div class=\"elementor-widget-container\">\n\t\t\t\t\t\t\t<p>Vi l\u00f8ser alle typer maleropgaver, for virksomheder, institutioner\/foreninger &amp; forretninger i K\u00f8benhavn og omegen<\/p>\t\t\t\t\t\t<\/div>\n\t\t\t\t<\/div>\n\t\t\t\t<div class=\"elementor-element elementor-element-59a4c3b elementor-widget elementor-widget-button\" data-id=\"59a4c3b\" data-element_type=\"widget\" data-widget_type=\"button.default\">\n\t\t\t\t<div class=\"elementor-widget-container\">\n\t\t\t\t\t<div class=\"elementor-button-wrapper\">\n\t\t\t<a class=\"elementor-button elementor-button-link elementor-size-sm elementor-animation-shrink\" href=\"#\">\n\t\t\t\t\t\t<span class=\"elementor-button-content-wrapper\">\n\t\t\t\t\t\t<span class=\"elementor-button-icon\">\n\t\t\t\t<svg aria-hidden=\"true\" class=\"e-font-icon-svg e-fas-angle-right\" viewBox=\"0 0 256 512\" xmlns=\"http:\/\/www.w3.org\/2000\/svg\"><path d=\"M224.3 273l-136 136c-9.4 9.4-24.6 9.4-33.9 0l-22.6-22.6c-9.4-9.4-9.4-24.6 0-33.9l96.4-96.4-96.4-96.4c-9.4-9.4-9.4-24.6 0-33.9L54.3 103c9.4-9.4 24.6-9.4 33.9 0l136 136c9.5 9.4 9.5 24.6.1 34z\"><\/path><\/svg>\t\t\t<\/span>\n\t\t\t\t\t\t\t\t\t<span class=\"elementor-button-text\">l\u00e6s mere<\/span>\n\t\t\t\t\t<\/span>\n\t\t\t\t\t<\/a>\n\t\t<\/div>\n\t\t\t\t<\/div>\n\t\t\t\t<\/div>\n\t\t\t\t<\/div>\n\t\t\t\t<\/div>\n\t\t<div class=\"elementor-element elementor-element-78f838b e-con-full service_main_cls e-flex e-con e-child\" data-id=\"78f838b\" data-element_type=\"container\">\n\t\t\t\t<div class=\"elementor-element elementor-element-7776daa elementor-widget elementor-widget-image\" data-id=\"7776daa\" data-element_type=\"widget\" data-widget_type=\"image.default\">\n\t\t\t\t<div class=\"elementor-widget-container\">\n\t\t\t\t\t\t\t\t\t\t\t\t\t<img decoding=\"async\" width=\"330\" height=\"230\" src=\"https:\/\/explorelogicsit.net\/malerfirm\/wp-content\/uploads\/2024\/10\/4.jpg\" class=\"attachment-full size-full wp-image-1158\" alt=\"\" srcset=\"https:\/\/explorelogicsit.net\/malerfirm\/wp-content\/uploads\/2024\/10\/4.jpg 330w, https:\/\/explorelogicsit.net\/malerfirm\/wp-content\/uploads\/2024\/10\/4-300x209.jpg 300w\" sizes=\"(max-width: 330px) 100vw, 330px\" \/>\t\t\t\t\t\t\t\t\t\t\t\t\t<\/div>\n\t\t\t\t<\/div>\n\t\t<div class=\"elementor-element elementor-element-2818964 e-con-full services-content e-flex e-con e-child\" data-id=\"2818964\" data-element_type=\"container\" data-settings=\"{&quot;background_background&quot;:&quot;classic&quot;}\">\n\t\t\t\t<div class=\"elementor-element elementor-element-1663649 elementor-widget elementor-widget-heading\" data-id=\"1663649\" data-element_type=\"widget\" data-widget_type=\"heading.default\">\n\t\t\t\t<div class=\"elementor-widget-container\">\n\t\t\t<h2 class=\"elementor-heading-title elementor-size-default\">Til Erhverv<\/h2>\t\t<\/div>\n\t\t\t\t<\/div>\n\t\t\t\t<div class=\"elementor-element elementor-element-0f9c0c6 elementor-widget__width-initial elementor-widget elementor-widget-text-editor\" data-id=\"0f9c0c6\" data-element_type=\"widget\" data-widget_type=\"text-editor.default\">\n\t\t\t\t<div class=\"elementor-widget-container\">\n\t\t\t\t\t\t\t<p>Klik her for at f\u00e5 et t\u00e6ttere indblik i hvad vi kan tilbyde vores erhvervs kunder<\/p>\t\t\t\t\t\t<\/div>\n\t\t\t\t<\/div>\n\t\t\t\t<div class=\"elementor-element elementor-element-4c7bc0a elementor-widget elementor-widget-button\" data-id=\"4c7bc0a\" data-element_type=\"widget\" data-widget_type=\"button.default\">\n\t\t\t\t<div class=\"elementor-widget-container\">\n\t\t\t\t\t<div class=\"elementor-button-wrapper\">\n\t\t\t<a class=\"elementor-button elementor-button-link elementor-size-sm elementor-animation-shrink\" href=\"#\">\n\t\t\t\t\t\t<span class=\"elementor-button-content-wrapper\">\n\t\t\t\t\t\t<span class=\"elementor-button-icon\">\n\t\t\t\t<svg aria-hidden=\"true\" class=\"e-font-icon-svg e-fas-angle-right\" viewBox=\"0 0 256 512\" xmlns=\"http:\/\/www.w3.org\/2000\/svg\"><path d=\"M224.3 273l-136 136c-9.4 9.4-24.6 9.4-33.9 0l-22.6-22.6c-9.4-9.4-9.4-24.6 0-33.9l96.4-96.4-96.4-96.4c-9.4-9.4-9.4-24.6 0-33.9L54.3 103c9.4-9.4 24.6-9.4 33.9 0l136 136c9.5 9.4 9.5 24.6.1 34z\"><\/path><\/svg>\t\t\t<\/span>\n\t\t\t\t\t\t\t\t\t<span class=\"elementor-button-text\">l\u00e6s mere<\/span>\n\t\t\t\t\t<\/span>\n\t\t\t\t\t<\/a>\n\t\t<\/div>\n\t\t\t\t<\/div>\n\t\t\t\t<\/div>\n\t\t\t\t<\/div>\n\t\t\t\t<\/div>\n\t\t\t\t\t<\/div>\n\t\t\t\t<\/div>\n\t\t\t\t<\/div>\n\t\t","protected":false},"excerpt":{"rendered":"<p>TIL DET PRIVATE SPARTEL &amp; FILT Hos Malerfirmaet BKA p\u00e5 Amager er vi specialister i spartling og filtning, og vi tilbyder disse services til vores private kunder for at sikre det bedst mulige resultat for deres malerprojekt. N\u00e5r det kommer til spartling, har vores erfarne malere den ekspertise og erfaring, der kr\u00e6ves for at opn\u00e5 [&hellip;]<\/p>\n","protected":false},"author":1,"featured_media":0,"parent":0,"menu_order":0,"comment_status":"closed","ping_status":"closed","template":"elementor_header_footer","meta":{"footnotes":""},"class_list":["post-583","page","type-page","status-publish","hentry"],"_links":{"self":[{"href":"https:\/\/explorelogicsit.net\/malerfirm\/wp-json\/wp\/v2\/pages\/583"}],"collection":[{"href":"https:\/\/explorelogicsit.net\/malerfirm\/wp-json\/wp\/v2\/pages"}],"about":[{"href":"https:\/\/explorelogicsit.net\/malerfirm\/wp-json\/wp\/v2\/types\/page"}],"author":[{"embeddable":true,"href":"https:\/\/explorelogicsit.net\/malerfirm\/wp-json\/wp\/v2\/users\/1"}],"replies":[{"embeddable":true,"href":"https:\/\/explorelogicsit.net\/malerfirm\/wp-json\/wp\/v2\/comments?post=583"}],"version-history":[{"count":320,"href":"https:\/\/explorelogicsit.net\/malerfirm\/wp-json\/wp\/v2\/pages\/583\/revisions"}],"predecessor-version":[{"id":3000,"href":"https:\/\/explorelogicsit.net\/malerfirm\/wp-json\/wp\/v2\/pages\/583\/revisions\/3000"}],"wp:attachment":[{"href":"https:\/\/explorelogicsit.net\/malerfirm\/wp-json\/wp\/v2\/media?parent=583"}],"curies":[{"name":"wp","href":"https:\/\/api.w.org\/{rel}","templated":true}]}}